{"id":1115,"date":"2022-11-25T20:55:53","date_gmt":"2022-11-25T23:55:53","guid":{"rendered":"https:\/\/ispaf-for.infd.edu.ar\/sitio\/?page_id=1115"},"modified":"2025-02-20T21:39:00","modified_gmt":"2025-02-21T00:39:00","slug":"mesas-de-examen-final","status":"publish","type":"page","link":"https:\/\/ispaf-for.infd.edu.ar\/sitio\/mesas-de-examen-final\/","title":{"rendered":"Mesas de ex\u00e1menes: Turnos Febrero &#8211; Marzo 2025"},"content":{"rendered":"\n<p><\/p>\n\n\n\n<p><\/p>\n\n\n<p><img decoding=\"async\" loading=\"lazy\" class=\"alignnone size-medium wp-image-3108\" src=\"https:\/\/ispaf-for.infd.edu.ar\/sitio\/wp-content\/uploads\/2025\/02\/Turnos-febrero-marzo-2025-1000x336.jpg\" alt=\"\" width=\"1000\" height=\"336\" srcset=\"https:\/\/ispaf-for.infd.edu.ar\/sitio\/wp-content\/uploads\/2025\/02\/Turnos-febrero-marzo-2025-1000x336.jpg 1000w, https:\/\/ispaf-for.infd.edu.ar\/sitio\/wp-content\/uploads\/2025\/02\/Turnos-febrero-marzo-2025-1900x639.jpg 1900w, https:\/\/ispaf-for.infd.edu.ar\/sitio\/wp-content\/uploads\/2025\/02\/Turnos-febrero-marzo-2025-768x258.jpg 768w, https:\/\/ispaf-for.infd.edu.ar\/sitio\/wp-content\/uploads\/2025\/02\/Turnos-febrero-marzo-2025-1536x516.jpg 1536w, https:\/\/ispaf-for.infd.edu.ar\/sitio\/wp-content\/uploads\/2025\/02\/Turnos-febrero-marzo-2025.jpg 1960w\" sizes=\"(max-width: 1000px) 100vw, 1000px\" \/><\/p>\n<h3><strong>FORMACI\u00d3N DOCENTE<\/strong><\/h3>\n<p><a href=\"https:\/\/ispaf-for.infd.edu.ar\/sitio\/wp-content\/uploads\/2025\/02\/FOLKLORE-TURNO-FEBRERO-2025.pdf\">FOLKLORE &#8211; TURNO FEBRERO 2025<\/a><\/p>\n<p><a href=\"https:\/\/ispaf-for.infd.edu.ar\/sitio\/wp-content\/uploads\/2025\/02\/FOLKLORE-TURNO-MARZO-2025.pdf\">FOLKLORE &#8211; TURNO MARZO 2025<\/a><\/p>\n<h3>FORMACI\u00d3N T\u00c9CNICA<\/h3>\n<p><a href=\"https:\/\/ispaf-for.infd.edu.ar\/sitio\/wp-content\/uploads\/2025\/02\/LOCUCION-TURNO-FEBRERO-2025.pdf\">LOCUCION &#8211; TURNO FEBRERO 2025<\/a><\/p>\n<p><a href=\"https:\/\/ispaf-for.infd.edu.ar\/sitio\/wp-content\/uploads\/2025\/02\/LOCUCION-TURNO-MARZO-2025-1-1.pdf\">LOCUCION &#8211; TURNO MARZO 2025 &#8211;<\/a><\/p>\n<p><a href=\"https:\/\/ispaf-for.infd.edu.ar\/sitio\/wp-content\/uploads\/2025\/02\/OPERADOR-TURNO-FEBRERO-2025-1-1.pdf\">OPERADOR &#8211; TURNO FEBRERO 2025 &#8211;<\/a><\/p>\n<p><a href=\"https:\/\/ispaf-for.infd.edu.ar\/sitio\/wp-content\/uploads\/2025\/02\/OPERADOR-TURNO-MARZO-2025.pdf\">OPERADOR &#8211; TURNO MARZO 2025<\/a><\/p>\n<p><a href=\"https:\/\/ispaf-for.infd.edu.ar\/sitio\/wp-content\/uploads\/2025\/02\/PERIODISMO-TURNO-FEBRERO-2025.pdf\">PERIODISMO &#8211; TURNO FEBRERO 2025<\/a><\/p>\n<p><a href=\"https:\/\/ispaf-for.infd.edu.ar\/sitio\/wp-content\/uploads\/2025\/02\/PERIODISMO-TURNO-MARZO-2025-.pdf\">PERIODISMO &#8211; TURNO MARZO 2025 &#8211;<\/a><\/p>\n<p><a href=\"https:\/\/forms.gle\/Z2XYsrpDdE91Qeei8\"><img decoding=\"async\" loading=\"lazy\" class=\"alignnone  wp-image-2754\" src=\"https:\/\/ispaf-for.infd.edu.ar\/sitio\/wp-content\/uploads\/2024\/02\/iniciar-inscripcion-1.png\" alt=\"\" width=\"344\" height=\"89\" \/><\/a><\/p>\n<p>\u00a0<\/p>\n<p style=\"text-align: center;\">\u00a0<\/p>","protected":false},"excerpt":{"rendered":"<p>FORMACI\u00d3N DOCENTE FOLKLORE &#8211; TURNO FEBRERO 2025 FOLKLORE &#8211; TURNO MARZO 2025 FORMACI\u00d3N T\u00c9CNICA LOCUCION &#8211; TURNO FEBRERO 2025 LOCUCION &#8211; TURNO MARZO 2025 &#8211; OPERADOR &#8211; TURNO FEBRERO 2025 &#8211; OPERADOR &#8211; TURNO MARZO 2025 PERIODISMO &#8211; TURNO FEBRERO 2025 PERIODISMO &#8211; TURNO MARZO 2025 &#8211; \u00a0 \u00a0<\/p>\n","protected":false},"author":469,"featured_media":0,"parent":0,"menu_order":0,"comment_status":"closed","ping_status":"closed","template":"","meta":[],"acf":[],"_links":{"self":[{"href":"https:\/\/ispaf-for.infd.edu.ar\/sitio\/wp-json\/wp\/v2\/pages\/1115"}],"collection":[{"href":"https:\/\/ispaf-for.infd.edu.ar\/sitio\/wp-json\/wp\/v2\/pages"}],"about":[{"href":"https:\/\/ispaf-for.infd.edu.ar\/sitio\/wp-json\/wp\/v2\/types\/page"}],"author":[{"embeddable":true,"href":"https:\/\/ispaf-for.infd.edu.ar\/sitio\/wp-json\/wp\/v2\/users\/469"}],"replies":[{"embeddable":true,"href":"https:\/\/ispaf-for.infd.edu.ar\/sitio\/wp-json\/wp\/v2\/comments?post=1115"}],"version-history":[{"count":259,"href":"https:\/\/ispaf-for.infd.edu.ar\/sitio\/wp-json\/wp\/v2\/pages\/1115\/revisions"}],"predecessor-version":[{"id":3120,"href":"https:\/\/ispaf-for.infd.edu.ar\/sitio\/wp-json\/wp\/v2\/pages\/1115\/revisions\/3120"}],"wp:attachment":[{"href":"https:\/\/ispaf-for.infd.edu.ar\/sitio\/wp-json\/wp\/v2\/media?parent=1115"}],"curies":[{"name":"wp","href":"https:\/\/api.w.org\/{rel}","templated":true}]}}