{"id":1170,"date":"2019-10-19T17:26:39","date_gmt":"2019-10-19T20:26:39","guid":{"rendered":"https:\/\/ispaf-for.infd.edu.ar\/sitio\/?page_id=1170"},"modified":"2024-05-03T13:39:13","modified_gmt":"2024-05-03T16:39:13","slug":"biblioteca","status":"publish","type":"page","link":"https:\/\/ispaf-for.infd.edu.ar\/sitio\/biblioteca\/","title":{"rendered":"Biblioteca ISPAF"},"content":{"rendered":"<p><span style=\"color: #008000;\"><span style=\"color: #000000;\"><strong>\u00a0 \u00a0 \u00a0 \u00a0 \u00a0 \u00a0 \u00a0 \u00a0 \u00a0 \u00a0 \u00a0 \u00a0 \u00a0 \u00a0 \u00a0 \u00a0 \u00a0 \u00a0 \u00a0 \u00a0 \u00a0 \u00a0 \u00a0 \u00a0 \u00a0 \u00a0 \u00a0 \u00a0 \u00a0 \u00a0 \u00a0 \u00a0 \u00a0 \u00a0 \u00a0 \u00a0 \u00a0 \u00a0 \u00a0 \u00a0 \u00a0 \u00a0 \u00a0 \u00a0 \u00a0<\/strong><\/span><\/span><br \/>\n<span style=\"color: #808080;\">Tradicionalmente, los servicios bibliotecarios han sido de vital importancia para el proceso educativo de la comunidad estudiantil, pero ante un mundo que cambia a pasos acelerados; los entornos educativos deben hacer uso de variados recursos tecnol\u00f3gicos para estar a la altura de las necesidades sociales del momento.<\/span><br \/>\n<span style=\"color: #808080;\">Ponemos a su disposici\u00f3n material bibliogr\u00e1fico, hemerogr\u00e1fico y audiovisual en formato digital, adem\u00e1s de p\u00e1ginas y sitios de inter\u00e9s; los invitamos a visitar la biblioteca y recorrer las distintas categor\u00edas.<\/span><br \/>\n<span style=\"color: #808080;\">Su acceso es online y los usuarios no tienen necesidad de desplazarse para poder acceder a la informaci\u00f3n que requieren.<\/span><\/p>\n<p><a href=\"https:\/\/ispaf-for.infd.edu.ar\/aula\/archivos.cgi?wAccion=vergrupo&amp;wIdGrupo=928&amp;id_curso=25\">Formaci\u00f3n General<\/a><\/p>\n<p><a href=\"https:\/\/ispaf-for.infd.edu.ar\/aula\/archivos.cgi?wAccion=vergrupo&amp;wIdGrupo=931&amp;id_curso=25\">Efem\u00e9rides<\/a><\/p>\n<p>Archivos<\/p>\n<p><a href=\"https:\/\/drive.google.com\/drive\/u\/0\/folders\/12424W7zNU4COjZacMUYxm3FIuoSg9MM0\"><img decoding=\"async\" loading=\"lazy\" class=\"alignnone  wp-image-2801\" src=\"https:\/\/ispaf-for.infd.edu.ar\/sitio\/wp-content\/uploads\/2024\/05\/Sin-titulo-2.png\" alt=\"\" width=\"205\" height=\"258\" \/><\/a><\/p>\n<p><a href=\"https:\/\/drive.google.com\/drive\/u\/0\/folders\/12424W7zNU4COjZacMUYxm3FIuoSg9MM0\">LIBRO &#8211; EL SER FORMOSE\u00d1O<\/a><\/p>\n<p><a href=\"https:\/\/ispaf-for.infd.edu.ar\/aula\/links.cgi?wAccion=vergrupo&amp;wIdGrupo=923&amp;id_curso=25\">Sitio de inter\u00e9s<\/a><\/p>\n<p><strong>Biblioteca digital<\/strong><\/p>\n<p>\u00abLa biblioteca -de acceso abierto y libre descarga- fue concebida desde el INFoD para que los y las docentes de niveles obligatorios y de Institutos Superiores de Formaci\u00f3n Docente puedan dialogar con las y los autores sobre los temas fundamentales del campo educativo.\u00bb<br \/>\n<a href=\"https:\/\/cedoc.infd.edu.ar\/biblioteca-devenir-docente\/\"><span style=\"color: #3366ff;\">http:\/\/cedoc.infd.edu.ar\/biblioteca-devenir-docente\/<\/span><\/a><\/p>\n<p>Recursos did\u00e1cticos y contenidos referidos a las escuelas t\u00e9cnicas que pone a nuestra disposici\u00f3n el INET.<br \/>\n<a href=\"http:\/\/www.inet.edu.ar\/index.php\/material-de-capacitacion\/\">http:\/\/www.inet.edu.ar\/index.php\/material-de-capacitacion\/<\/a><\/p>\n","protected":false},"excerpt":{"rendered":"<p>\u00a0 \u00a0 \u00a0 \u00a0 \u00a0 \u00a0 \u00a0 \u00a0 \u00a0 \u00a0 \u00a0 \u00a0 \u00a0 \u00a0 \u00a0 \u00a0 \u00a0 \u00a0 \u00a0 \u00a0 \u00a0 \u00a0 \u00a0 \u00a0 \u00a0 \u00a0 \u00a0 \u00a0 \u00a0 \u00a0 \u00a0 \u00a0 \u00a0 \u00a0 \u00a0 \u00a0 \u00a0 \u00a0 \u00a0 \u00a0 \u00a0 \u00a0 \u00a0 \u00a0 \u00a0 Tradicionalmente, los servicios bibliotecarios han sido de vital importancia para &#8230; <a title=\"Biblioteca ISPAF\" class=\"read-more\" href=\"https:\/\/ispaf-for.infd.edu.ar\/sitio\/biblioteca\/\" aria-label=\"More on Biblioteca ISPAF\">[+]<\/a><\/p>\n","protected":false},"author":469,"featured_media":0,"parent":0,"menu_order":0,"comment_status":"closed","ping_status":"closed","template":"","meta":[],"acf":[],"_links":{"self":[{"href":"https:\/\/ispaf-for.infd.edu.ar\/sitio\/wp-json\/wp\/v2\/pages\/1170"}],"collection":[{"href":"https:\/\/ispaf-for.infd.edu.ar\/sitio\/wp-json\/wp\/v2\/pages"}],"about":[{"href":"https:\/\/ispaf-for.infd.edu.ar\/sitio\/wp-json\/wp\/v2\/types\/page"}],"author":[{"embeddable":true,"href":"https:\/\/ispaf-for.infd.edu.ar\/sitio\/wp-json\/wp\/v2\/users\/469"}],"replies":[{"embeddable":true,"href":"https:\/\/ispaf-for.infd.edu.ar\/sitio\/wp-json\/wp\/v2\/comments?post=1170"}],"version-history":[{"count":26,"href":"https:\/\/ispaf-for.infd.edu.ar\/sitio\/wp-json\/wp\/v2\/pages\/1170\/revisions"}],"predecessor-version":[{"id":2802,"href":"https:\/\/ispaf-for.infd.edu.ar\/sitio\/wp-json\/wp\/v2\/pages\/1170\/revisions\/2802"}],"wp:attachment":[{"href":"https:\/\/ispaf-for.infd.edu.ar\/sitio\/wp-json\/wp\/v2\/media?parent=1170"}],"curies":[{"name":"wp","href":"https:\/\/api.w.org\/{rel}","templated":true}]}}