{"id":1829,"date":"2022-03-25T23:07:37","date_gmt":"2022-03-26T02:07:37","guid":{"rendered":"https:\/\/ispaf-for.infd.edu.ar\/sitio\/?page_id=1829"},"modified":"2022-05-11T19:54:16","modified_gmt":"2022-05-11T22:54:16","slug":"examen-habilitante","status":"publish","type":"page","link":"https:\/\/ispaf-for.infd.edu.ar\/sitio\/examen-habilitante\/","title":{"rendered":"Ex\u00e1men habilitante"},"content":{"rendered":"\n<div class=\"wp-block-file\"><a href=\"https:\/\/ispaf-for.infd.edu.ar\/sitio\/wp-content\/uploads\/2022\/03\/Catalogo-de-grabaciones-ya-realizadas.pdf\" class=\"wp-block-file__button\" download>Descarga<\/a><\/div>\n\n\n\n<div class=\"wp-block-cover has-background-dim-30 has-background-dim\" style=\"background-color:#004d94\"><img decoding=\"async\" class=\"wp-block-cover__image-background\" alt=\"\" src=\"blob:https:\/\/ispaf-for.infd.edu.ar\/6b8f1e02-bde8-414f-a046-8a897c2dc12e\" data-object-fit=\"cover\"\/><div class=\"wp-block-cover__inner-container\">\n<div class=\"wp-block-cover has-white-background-color has-background-dim\"><div class=\"wp-block-cover__inner-container\">\n<p class=\"has-text-align-center has-vivid-red-color has-white-background-color has-text-color has-background has-large-font-size\">\u00a1ATENCION!<\/p>\n\n\n\n<p class=\"has-text-align-center has-vivid-red-color has-white-background-color has-text-color has-background has-large-font-size\">ISPAF convoca a los Egresados a una reuni\u00f3n informativa sobre el ex\u00e1men habilitante de las carreras de la Formaci\u00f3n T\u00e9cnica a realizarse en el SUM de la Instituci\u00f3n Educativa el d\u00eda martes 17 de Mayo a las 20:00 hs.<\/p>\n\n\n\n<p class=\"has-vivid-red-color has-text-color has-large-font-size\">Muchas gracias. <\/p>\n<\/div><\/div>\n\n\n\n<p class=\"has-text-align-center has-large-font-size\"><strong>ISPAF informa<\/strong><\/p>\n\n\n\n<p class=\"has-text-align-center has-large-font-size\"> Desde las Gestiones realizadas con las autoridades del ISER sobre los Ex\u00e1menes habilitantes, se establecieron las siguientes fechas :<br>30\/05\/2022 Operador de estudio de Radio y TV.<br>30\/05\/2022 Productor y Director Para radio y TV<br>26 Y 27 \/05\/2022 Locutor Nacional<br>Lugar : FTC Canal 3 Av. 9 de Julio y Jun\u00edn.<br>Horario: de 13:30 a 18:00<br>Examen Virtual Sincr\u00f3nico.<\/p>\n<\/div><\/div>\n\n\n\n<figure class=\"wp-block-gallery columns-1 is-cropped wp-block-gallery-1 is-layout-flex\"><ul class=\"blocks-gallery-grid\"><li class=\"blocks-gallery-item\"><figure><img decoding=\"async\" loading=\"lazy\" width=\"1343\" height=\"1900\" src=\"https:\/\/ispaf-for.infd.edu.ar\/sitio\/wp-content\/uploads\/2022\/03\/20220325_222344_0000-2.png-2-1343x1900.png\" alt=\"\" data-id=\"1835\" data-full-url=\"https:\/\/ispaf-for.infd.edu.ar\/sitio\/wp-content\/uploads\/2022\/03\/20220325_222344_0000-2.png-2.png\" data-link=\"https:\/\/ispaf-for.infd.edu.ar\/sitio\/examen-habilitante\/20220325_222344_0000-2-png-2\/#main\" class=\"wp-image-1835\" srcset=\"https:\/\/ispaf-for.infd.edu.ar\/sitio\/wp-content\/uploads\/2022\/03\/20220325_222344_0000-2.png-2-1343x1900.png 1343w, https:\/\/ispaf-for.infd.edu.ar\/sitio\/wp-content\/uploads\/2022\/03\/20220325_222344_0000-2.png-2-707x1000.png 707w, https:\/\/ispaf-for.infd.edu.ar\/sitio\/wp-content\/uploads\/2022\/03\/20220325_222344_0000-2.png-2-768x1086.png 768w, https:\/\/ispaf-for.infd.edu.ar\/sitio\/wp-content\/uploads\/2022\/03\/20220325_222344_0000-2.png-2-1086x1536.png 1086w, https:\/\/ispaf-for.infd.edu.ar\/sitio\/wp-content\/uploads\/2022\/03\/20220325_222344_0000-2.png-2-1448x2048.png 1448w, https:\/\/ispaf-for.infd.edu.ar\/sitio\/wp-content\/uploads\/2022\/03\/20220325_222344_0000-2.png-2.png 1587w\" sizes=\"(max-width: 1343px) 100vw, 1343px\" \/><\/figure><\/li><\/ul><\/figure>\n","protected":false},"excerpt":{"rendered":"","protected":false},"author":851,"featured_media":0,"parent":0,"menu_order":0,"comment_status":"closed","ping_status":"closed","template":"","meta":[],"acf":[],"_links":{"self":[{"href":"https:\/\/ispaf-for.infd.edu.ar\/sitio\/wp-json\/wp\/v2\/pages\/1829"}],"collection":[{"href":"https:\/\/ispaf-for.infd.edu.ar\/sitio\/wp-json\/wp\/v2\/pages"}],"about":[{"href":"https:\/\/ispaf-for.infd.edu.ar\/sitio\/wp-json\/wp\/v2\/types\/page"}],"author":[{"embeddable":true,"href":"https:\/\/ispaf-for.infd.edu.ar\/sitio\/wp-json\/wp\/v2\/users\/851"}],"replies":[{"embeddable":true,"href":"https:\/\/ispaf-for.infd.edu.ar\/sitio\/wp-json\/wp\/v2\/comments?post=1829"}],"version-history":[{"count":10,"href":"https:\/\/ispaf-for.infd.edu.ar\/sitio\/wp-json\/wp\/v2\/pages\/1829\/revisions"}],"predecessor-version":[{"id":1915,"href":"https:\/\/ispaf-for.infd.edu.ar\/sitio\/wp-json\/wp\/v2\/pages\/1829\/revisions\/1915"}],"wp:attachment":[{"href":"https:\/\/ispaf-for.infd.edu.ar\/sitio\/wp-json\/wp\/v2\/media?parent=1829"}],"curies":[{"name":"wp","href":"https:\/\/api.w.org\/{rel}","templated":true}]}}