{"id":286,"date":"2016-10-31T13:17:59","date_gmt":"2016-10-31T16:17:59","guid":{"rendered":"https:\/\/ispaf-for.infd.edu.ar\/sitio\/?page_id=286"},"modified":"2024-06-07T16:25:41","modified_gmt":"2024-06-07T19:25:41","slug":"inicio","status":"publish","type":"page","link":"https:\/\/ispaf-for.infd.edu.ar\/sitio\/","title":{"rendered":"Inicio"},"content":{"rendered":"<div id=\"metaslider-id-1987\" style=\"width: 100%; margin: 0 auto;\" class=\"ml-slider-3-33-0 metaslider metaslider-flex metaslider-1987 ml-slider ms-theme-default\" role=\"region\" aria-roledescription=\"Slideshow\" aria-label=\"Slideshow\">\n    <div id=\"metaslider_container_1987\">\n        <div id=\"metaslider_1987\" class=\"flexslider\">\n            <ul aria-live=\"polite\" class=\"slides\">\n                <li style=\"display: block; width: 100%;\" class=\"slide-1991 ms-image\" aria-roledescription=\"slide\" aria-label=\"slide-1991\"><img src=\"https:\/\/ispaf-for.infd.edu.ar\/sitio\/wp-content\/uploads\/2023\/03\/PROFESORADOS-1-1200x200.png\" height=\"200\" width=\"1200\" alt=\"\" class=\"slider-1987 slide-1991\" title=\"PROFESORADOS\" \/><\/li>\n                <li style=\"display: none; width: 100%;\" class=\"slide-1993 ms-image\" aria-roledescription=\"slide\" aria-label=\"slide-1993\"><img src=\"https:\/\/ispaf-for.infd.edu.ar\/sitio\/wp-content\/uploads\/2023\/03\/TECNICOS-1-2-1200x200.png\" height=\"200\" width=\"1200\" alt=\"\" class=\"slider-1987 slide-1993\" title=\"TECNICOS 1\" \/><\/li>\n                <li style=\"display: none; width: 100%;\" class=\"slide-2157 ms-image\" aria-roledescription=\"slide\" aria-label=\"slide-2157\"><img src=\"https:\/\/ispaf-for.infd.edu.ar\/sitio\/wp-content\/uploads\/2023\/03\/TECNICOS-2-1-1200x200.png\" height=\"200\" width=\"1200\" alt=\"\" class=\"slider-1987 slide-2157\" title=\"TECNICOS 2\" \/><\/li>\n                <li style=\"display: none; width: 100%;\" class=\"slide-2311 ms-image\" aria-roledescription=\"slide\" aria-label=\"slide-2311\"><img src=\"https:\/\/ispaf-for.infd.edu.ar\/sitio\/wp-content\/uploads\/2023\/03\/CARRERAS-PRESENCIALES-2-1200x200.png\" height=\"200\" width=\"1200\" alt=\"\" class=\"slider-1987 slide-2311\" title=\"CARRERAS PRESENCIALES\" \/><\/li>\n            <\/ul>\n        <\/div>\n        \n    <\/div>\n<\/div>\n<p>&nbsp;<\/p>\n<div style=\"width: 854px;\" class=\"wp-video\"><!--[if lt IE 9]><script>document.createElement('video');<\/script><![endif]-->\n<video class=\"wp-video-shortcode\" id=\"video-286-1\" width=\"854\" height=\"480\" loop=\"1\" autoplay=\"1\" preload=\"auto\" controls=\"controls\"><source type=\"video\/mp4\" src=\"https:\/\/ispaf-for.infd.edu.ar\/sitio\/wp-content\/uploads\/2024\/05\/01-intro-ISPAF.mp4?_=1\" \/><a href=\"https:\/\/ispaf-for.infd.edu.ar\/sitio\/wp-content\/uploads\/2024\/05\/01-intro-ISPAF.mp4\">https:\/\/ispaf-for.infd.edu.ar\/sitio\/wp-content\/uploads\/2024\/05\/01-intro-ISPAF.mp4<\/a><\/video><\/div>\n<p>&nbsp;<\/p>\n<p><a href=\"https:\/\/www.youtube.com\/channel\/UCicyX4uTgKwxCFmb2X2ZJxQ\"><img decoding=\"async\" loading=\"lazy\" class=\"alignnone wp-image-1999 \" src=\"https:\/\/ispaf-for.infd.edu.ar\/sitio\/wp-content\/uploads\/2022\/08\/canal-de-youtube.jpg\" alt=\"\" width=\"157\" height=\"94\" \/>\u00a0 \u00a0 \u00a0 \u00a0 \u00a0 \u00a0 \u00a0 \u00a0 \u00a0 \u00a0 \u00a0 \u00a0 \u00a0 \u00a0 \u00a0 \u00a0 <\/a><a href=\"https:\/\/www.facebook.com\/ispaffsa\/\"><img decoding=\"async\" loading=\"lazy\" class=\"alignnone wp-image-2000\" src=\"https:\/\/ispaf-for.infd.edu.ar\/sitio\/wp-content\/uploads\/2022\/08\/face-1000x329.jpg\" alt=\"\" width=\"240\" height=\"79\" srcset=\"https:\/\/ispaf-for.infd.edu.ar\/sitio\/wp-content\/uploads\/2022\/08\/face-1000x329.jpg 1000w, https:\/\/ispaf-for.infd.edu.ar\/sitio\/wp-content\/uploads\/2022\/08\/face-768x252.jpg 768w, https:\/\/ispaf-for.infd.edu.ar\/sitio\/wp-content\/uploads\/2022\/08\/face.jpg 1035w\" sizes=\"(max-width: 240px) 100vw, 240px\" \/>\u00a0 \u00a0 \u00a0 \u00a0 \u00a0 \u00a0 \u00a0 \u00a0 \u00a0 \u00a0 \u00a0 \u00a0 \u00a0 \u00a0 \u00a0 <\/a><a href=\"https:\/\/instagram.com\/ispaf.formosa?igshid=YmMyMTA2M2Y=\"><img decoding=\"async\" loading=\"lazy\" class=\"alignnone wp-image-2009\" src=\"https:\/\/ispaf-for.infd.edu.ar\/sitio\/wp-content\/uploads\/2022\/08\/instagram.jpg\" alt=\"\" width=\"236\" height=\"85\" \/><\/a><\/p>\n<h6 style=\"text-align: justify;\"><span style=\"color: #808080;\"><b><span style=\"font-size: 14pt;\">Instituto Superior de Formaci\u00f3n Docente que forma parte del Sistema de Educaci\u00f3n P\u00fablica de Gesti\u00f3n Estatal.<\/span><\/b><\/span><\/h6>\n<h6 style=\"text-align: justify;\"><span style=\"color: #808080;\"><b><span style=\"font-size: 14pt;\">A trav\u00e9s de este sitio, nuestro Instituto podr\u00e1 comunicar novedades, acercar informaci\u00f3n, compartir experiencias y brindar apoyo y asesoramiento a alumnos, docentes e interesados en formar parte de esta comunidad educativa.<\/span><\/b><\/span><\/h6>\n<h6 style=\"text-align: justify;\"><span style=\"color: #808080;\"><b><span style=\"font-size: 14pt;\">Junto con varios cientos de Institutos, integramos la Red Virtual de Institutos Superiores de Formaci\u00f3n Docente coordinada por el Instituto Nacional de Formaci\u00f3n Docente (INFD) dependiente del Ministerio de Educaci\u00f3n de la Naci\u00f3n Argentina.<\/span><\/b><\/span><\/h6>\n","protected":false},"excerpt":{"rendered":"<p>&nbsp; &nbsp; \u00a0 \u00a0 \u00a0 \u00a0 \u00a0 \u00a0 \u00a0 \u00a0 \u00a0 \u00a0 \u00a0 \u00a0 \u00a0 \u00a0 \u00a0 \u00a0 \u00a0 \u00a0 \u00a0 \u00a0 \u00a0 \u00a0 \u00a0 \u00a0 \u00a0 \u00a0 \u00a0 \u00a0 \u00a0 \u00a0 \u00a0 Instituto Superior de Formaci\u00f3n Docente que forma parte del Sistema de Educaci\u00f3n P\u00fablica de Gesti\u00f3n Estatal. A trav\u00e9s de este sitio, nuestro &#8230; <a title=\"Inicio\" class=\"read-more\" href=\"https:\/\/ispaf-for.infd.edu.ar\/sitio\/\" aria-label=\"More on Inicio\">[+]<\/a><\/p>\n","protected":false},"author":67,"featured_media":0,"parent":0,"menu_order":0,"comment_status":"closed","ping_status":"closed","template":"","meta":[],"acf":[],"_links":{"self":[{"href":"https:\/\/ispaf-for.infd.edu.ar\/sitio\/wp-json\/wp\/v2\/pages\/286"}],"collection":[{"href":"https:\/\/ispaf-for.infd.edu.ar\/sitio\/wp-json\/wp\/v2\/pages"}],"about":[{"href":"https:\/\/ispaf-for.infd.edu.ar\/sitio\/wp-json\/wp\/v2\/types\/page"}],"author":[{"embeddable":true,"href":"https:\/\/ispaf-for.infd.edu.ar\/sitio\/wp-json\/wp\/v2\/users\/67"}],"replies":[{"embeddable":true,"href":"https:\/\/ispaf-for.infd.edu.ar\/sitio\/wp-json\/wp\/v2\/comments?post=286"}],"version-history":[{"count":462,"href":"https:\/\/ispaf-for.infd.edu.ar\/sitio\/wp-json\/wp\/v2\/pages\/286\/revisions"}],"predecessor-version":[{"id":2852,"href":"https:\/\/ispaf-for.infd.edu.ar\/sitio\/wp-json\/wp\/v2\/pages\/286\/revisions\/2852"}],"wp:attachment":[{"href":"https:\/\/ispaf-for.infd.edu.ar\/sitio\/wp-json\/wp\/v2\/media?parent=286"}],"curies":[{"name":"wp","href":"https:\/\/api.w.org\/{rel}","templated":true}]}}