{"id":755,"date":"2018-08-30T19:04:19","date_gmt":"2018-08-30T22:04:19","guid":{"rendered":"https:\/\/ispaf-for.infd.edu.ar\/sitio\/carreras\/"},"modified":"2019-10-19T17:18:02","modified_gmt":"2019-10-19T20:18:02","slug":"carreras","status":"publish","type":"page","link":"https:\/\/ispaf-for.infd.edu.ar\/sitio\/carreras\/","title":{"rendered":"Carreras"},"content":{"rendered":"<p style=\"text-align: center;\">\u00a0<span style=\"font-family: 'times new roman', times, serif; color: #0000ff;\"><strong><span style=\"font-size: 18pt;\">OFERTAS ACAD\u00c9MICAS\u00a0<\/span><\/strong><\/span><\/p>\n<p style=\"text-align: center;\"><span style=\"font-size: 18pt; color: #0000ff;\"><strong><span style=\"font-family: 'times new roman', times, serif;\">Carreras T\u00e9cnicas<\/span><\/strong><\/span><\/p>\n<p style=\"text-align: center;\"><sub><span style=\"font-family: 'times new roman', times, serif;\"><a style=\"text-align: center; font-size: 14pt; font-family: 'times new roman', times, serif;\" title=\"Locutor Nacional\" href=\"index.cgi?wid_item=24&amp;wid_seccion=18\"><span style=\"color: #333399;\">Locutor Integral<\/span><\/a><\/span><\/sub><br \/>\n<sub><span style=\"text-align: center; font-family: 'times new roman', times, serif; color: #333399; font-size: 14pt;\">Productor y Director para Radio y Televisi\u00f3n<\/span><\/sub><br \/>\n<sub><span style=\"text-align: center; font-family: 'times new roman', times, serif; color: #333399; font-size: 14pt;\">Operador T\u00e9cnico de Radio y Televisi\u00f3n<\/span><\/sub><\/p>\n<p>&nbsp;<\/p>\n<p style=\"text-align: center;\">\u00a0<span style=\"color: #0000ff;\"><strong><span style=\"font-family: 'times new roman', times, serif; font-size: 18pt;\"><a style=\"color: #0000ff;\" title=\"Profesorado de Danza Folcl\u00f3rica\" href=\"index.cgi?wid_item=30&amp;wid_seccion=18\">Profesorados<\/a><\/span><\/strong><\/span><\/p>\n<p style=\"text-align: center;\"><span style=\"font-family: 'times new roman', times, serif; font-size: 14pt; color: #333399;\">Danzas con orientaci\u00f3n en Danzas Folcl\u00f3ricas<\/span><\/p>\n<hr \/>\n<p>&nbsp;<\/p>\n<p>&nbsp;<\/p>\n<p style=\"text-align: center;\">\n","protected":false},"excerpt":{"rendered":"<p>\u00a0OFERTAS ACAD\u00c9MICAS\u00a0 Carreras T\u00e9cnicas Locutor Integral Productor y Director para Radio y Televisi\u00f3n Operador T\u00e9cnico de Radio y Televisi\u00f3n &nbsp; \u00a0Profesorados Danzas con orientaci\u00f3n en Danzas Folcl\u00f3ricas &nbsp; &nbsp;<\/p>\n","protected":false},"author":187,"featured_media":0,"parent":0,"menu_order":0,"comment_status":"closed","ping_status":"closed","template":"","meta":[],"acf":[],"_links":{"self":[{"href":"https:\/\/ispaf-for.infd.edu.ar\/sitio\/wp-json\/wp\/v2\/pages\/755"}],"collection":[{"href":"https:\/\/ispaf-for.infd.edu.ar\/sitio\/wp-json\/wp\/v2\/pages"}],"about":[{"href":"https:\/\/ispaf-for.infd.edu.ar\/sitio\/wp-json\/wp\/v2\/types\/page"}],"author":[{"embeddable":true,"href":"https:\/\/ispaf-for.infd.edu.ar\/sitio\/wp-json\/wp\/v2\/users\/187"}],"replies":[{"embeddable":true,"href":"https:\/\/ispaf-for.infd.edu.ar\/sitio\/wp-json\/wp\/v2\/comments?post=755"}],"version-history":[{"count":6,"href":"https:\/\/ispaf-for.infd.edu.ar\/sitio\/wp-json\/wp\/v2\/pages\/755\/revisions"}],"predecessor-version":[{"id":1166,"href":"https:\/\/ispaf-for.infd.edu.ar\/sitio\/wp-json\/wp\/v2\/pages\/755\/revisions\/1166"}],"wp:attachment":[{"href":"https:\/\/ispaf-for.infd.edu.ar\/sitio\/wp-json\/wp\/v2\/media?parent=755"}],"curies":[{"name":"wp","href":"https:\/\/api.w.org\/{rel}","templated":true}]}}