{"id":760,"date":"2018-08-30T19:04:21","date_gmt":"2018-08-30T22:04:21","guid":{"rendered":"https:\/\/ispaf-for.infd.edu.ar\/sitio\/docentes\/"},"modified":"2018-10-03T21:08:16","modified_gmt":"2018-10-04T00:08:16","slug":"docentes","status":"publish","type":"page","link":"https:\/\/ispaf-for.infd.edu.ar\/sitio\/docentes\/","title":{"rendered":"Docentes"},"content":{"rendered":"<p><img decoding=\"async\" loading=\"lazy\" title=\"libro y manzana\" src=\"https:\/\/ispaf-for.infd.edu.ar\/sitio\/wp-content\/uploads\/2018\/08\/libroymanzana.jpg\" alt=\"libro y manzana\" width=\"160\" height=\"213\" border=\"0\" \/><\/p>\n<p>&nbsp;<\/p>\n<p style=\"text-align: center;\"><span style=\"font-size: 24pt;\"><strong><span style=\"font-family: 'times new roman', times, serif;\">Provincia de Formosa<\/span><\/strong><\/span><\/p>\n<p style=\"text-align: center;\"><span style=\"font-family: 'times new roman', times, serif; font-size: 18pt;\">Ministerio de Cultura y Educaci\u00f3n<\/span><\/p>\n<p style=\"text-align: center;\"><span style=\"font-family: 'times new roman', times, serif; font-size: 18pt;\">Direcci\u00f3n de Educaci\u00f3n Superior<\/span><\/p>\n<p style=\"text-align: center;\"><span style=\"font-family: 'times new roman', times, serif; font-size: 18pt;\">Instituto superior del Profesorado de\u00a0 Arte de Formosa<\/span><\/p>\n<p style=\"text-align: center;\"><span style=\"font-family: 'times new roman', times, serif; font-size: 18pt;\">I.S.P.A.F<\/span><\/p>\n<p style=\"text-align: center;\"><span style=\"font-family: 'times new roman', times, serif; font-size: 18pt;\">N\u00f3mina del Personal Docente<\/span><\/p>\n<p>&nbsp;<\/p>\n<p>&nbsp;<\/p>\n<p>&nbsp;<\/p>\n<table style=\"width: 100%; height: 90px;\" border=\"2\" cellspacing=\"1\" cellpadding=\"4\">\n<tbody>\n<tr style=\"background-color: #ccd8ca; height: 71px;\">\n<td style=\"text-align: center; height: 71px;\" valign=\"top\" width=\"44%\">\n<p style=\"text-align: left;\"><span style=\"font-size: 12pt;\"><strong>\u00a0APELLIDO\u00a0<\/strong><\/span><span style=\"font-size: 12pt;\"><strong>Y\u00a0<\/strong><\/span><span style=\"font-size: 12pt;\"><strong>NOMBRE<\/strong><\/span><\/p>\n<p><span style=\"font-size: 12pt;\"><strong>\u00a0<\/strong><\/span><\/td>\n<td style=\"text-align: center; height: 71px;\" valign=\"top\" width=\"56%\">\n<p style=\"text-align: left;\"><span style=\"font-size: 12pt;\"><strong>T\u00cdTULO<\/strong><\/span><\/p>\n<p><span style=\"font-size: 12pt;\"><strong>\u00a0<\/strong><\/span><\/td>\n<\/tr>\n<tr style=\"height: 19px;\">\n<td style=\"height: 19px; text-align: left;\" valign=\"top\" width=\"44%\"><strong>ALVARENGA<\/strong>, Beatriz Nilda<\/td>\n<td style=\"height: 19px; text-align: left;\" valign=\"top\" width=\"56%\"><span style=\"font-family: helvetica;\">Prof. en Artes Pl\u00e1sticas<\/span><\/td>\n<\/tr>\n<tr style=\"height: 20px;\" valign=\"middle\">\n<td style=\"height: 20px;\" valign=\"top\" width=\"44%\"><span style=\"color: #000000;\"><a href=\"mailto:lgeronimo@educ.ar\"><span style=\"color: #000000;\"><strong>AQUINO<\/strong>, Luis Ger\u00f3nimo<\/span><\/a><\/span><\/td>\n<td style=\"height: 20px;\" valign=\"top\" width=\"30%\">\n<h4><span style=\"font-size: 8pt;\"><span style=\"font-family: arial,helvetica,sans-serif;\"><strong>Pregrado<\/strong>:\u00a0\u00a0<\/span><\/span><br \/>\n<span style=\"font-family: arial, helvetica, sans-serif; font-size: 8pt;\">T\u00e9cnico Electromec\u00e1nico -ENET 1<\/span><\/h4>\n<h4><span style=\"font-size: 8pt;\"><span style=\"font-family: arial,helvetica,sans-serif;\"><strong>Grado<\/strong>:\u00a0\u00a0<\/span><\/span><br \/>\n<span style=\"font-family: arial, helvetica, sans-serif; font-size: 8pt;\">Ingeniero Electricista -UTN<\/span><\/h4>\n<p><span style=\"font-size: 8pt;\"><span style=\"font-family: arial,helvetica,sans-serif;\"><strong>Posgrado<\/strong>:<br \/>\n<\/span><\/span><\/p>\n<ul>\n<li><strong><span style=\"font-size: 8pt;\"><span style=\"font-family: arial,helvetica,sans-serif;\">Especialista en Preparaci\u00f3n y Evaluaci\u00f3n de Proyectos -UTN<\/span><\/span><\/strong><\/li>\n<li><strong><span style=\"font-size: 8pt;\"><span style=\"font-family: arial,helvetica,sans-serif;\">Especialista en Entornos Virtuales de Aprendizaje &#8211; Virtual Educa IFD<\/span><\/span><\/strong><\/li>\n<li><strong><span style=\"font-size: x-small;\"><span style=\"font-size: 8pt;\"><span style=\"font-family: arial,helvetica,sans-serif;\">Experto Universitario En Medios Digitales\u00a0 &#8211; UTN<\/span><\/span><\/span><\/strong><\/li>\n<li><strong><span style=\"font-size: x-small;\"><span style=\"font-size: 8pt;\"><span style=\"font-family: arial,helvetica,sans-serif;\"><span style=\"font-size: x-small;\"><span style=\"font-size: 8pt;\"><span style=\"font-family: arial,helvetica,sans-serif;\">Especialista en Docencia Universitaria &#8211; UNAF UNAM UNNE UNSE<\/span><\/span><\/span><\/span><\/span><\/span><\/strong><\/li>\n<li><strong><span style=\"font-size: x-small;\"><span style=\"font-size: 8pt;\"><span style=\"font-family: arial,helvetica,sans-serif;\"><span style=\"font-size: x-small;\"><span style=\"font-size: 8pt;\"><span style=\"font-family: arial,helvetica,sans-serif;\">Facilitador TIC &#8211; INFoD<\/span><\/span><\/span><\/span><\/span><\/span><\/strong><\/li>\n<\/ul>\n<\/td>\n<\/tr>\n<tr style=\"height: 19px;\">\n<td style=\"height: 19px; text-align: left;\" valign=\"top\" width=\"44%\"><strong>ARMESTO<\/strong>, N\u00e9stor Guillermo<\/td>\n<td style=\"height: 19px; text-align: left;\" valign=\"top\" width=\"56%\">Productor y Director de Radio y TV<\/td>\n<\/tr>\n<tr style=\"height: 16px;\">\n<td style=\"height: 16px; text-align: left;\" valign=\"top\" width=\"44%\"><strong>BABBINI<\/strong>, Gabriel<\/td>\n<td style=\"height: 16px; text-align: left;\" valign=\"top\" width=\"56%\">Locutor Nacional<\/td>\n<\/tr>\n<tr style=\"height: 21px;\">\n<td style=\"height: 21px; text-align: left;\" valign=\"top\" width=\"44%\"><strong>BARIJH\u00d3<\/strong>, Tom\u00e1s \u00c1ngel<\/td>\n<td style=\"height: 21px; text-align: left;\" valign=\"top\" width=\"56%\">Profesor en Artes Pl\u00e1sticas<\/td>\n<\/tr>\n<tr style=\"height: 17px;\">\n<td style=\"height: 17px; text-align: left;\" valign=\"top\" width=\"44%\"><strong>BARRIONUEVO<\/strong>, Gabriel A. R.<\/td>\n<td style=\"height: 17px; text-align: left;\" valign=\"top\" width=\"56%\">Prof. en Historia<\/td>\n<\/tr>\n<tr style=\"height: 19px;\">\n<td style=\"height: 19px; text-align: left;\" valign=\"top\" width=\"44%\"><strong>BARRIONUEVO,<\/strong> Jorge<\/td>\n<td style=\"height: 19px; text-align: left;\" valign=\"top\" width=\"56%\">Prof. en Artes Pl\u00e1sticas<\/td>\n<\/tr>\n<tr style=\"height: 20px;\">\n<td style=\"height: 20px; text-align: left;\" valign=\"top\" width=\"44%\"><strong>BECHIR,<\/strong> N\u00e9stor Alcides<\/td>\n<td style=\"height: 20px; text-align: left;\" valign=\"top\" width=\"56%\">Abogado<\/td>\n<\/tr>\n<tr style=\"height: 13px;\">\n<td style=\"height: 13px; text-align: left;\" valign=\"top\" width=\"44%\">\u00a0<strong>LOMBARDO,<\/strong> \u00c1ngel Daniel<\/td>\n<td style=\"height: 13px; text-align: left;\" valign=\"top\" width=\"56%\">Abogado<\/td>\n<\/tr>\n<tr style=\"height: 15px;\">\n<td style=\"height: 15px; text-align: left;\" valign=\"top\" width=\"44%\"><strong>\u00a0CHAMORRO,<\/strong> V\u00edctor<\/td>\n<td style=\"height: 15px; text-align: left;\" valign=\"top\" width=\"56%\">\u00a0T\u00e9cnico Electricista<\/td>\n<\/tr>\n<tr style=\"height: 18px;\">\n<td style=\"height: 18px; text-align: left;\" valign=\"top\" width=\"44%\"><strong>DALDOVO<\/strong>, Elba Beatriz<\/td>\n<td style=\"height: 18px; text-align: left;\" valign=\"top\" width=\"56%\">Maestra N. Nac. y T\u00e9c. en Redacci\u00f3n<\/td>\n<\/tr>\n<tr style=\"height: 12px;\">\n<td style=\"height: 12px; text-align: left;\" valign=\"top\" width=\"44%\"><strong>\u00a0DOMINGUEZ,<\/strong> Luis Ricardo<\/td>\n<td style=\"height: 12px; text-align: left;\" valign=\"top\" width=\"56%\">\u00a0Prof. Nac. de Dzas. Nat. y Folklore<\/td>\n<\/tr>\n<tr style=\"height: 11px;\">\n<td style=\"height: 11px; text-align: left;\" valign=\"top\" width=\"44%\"><strong>\u00a0FOLTZ,<\/strong> Dina del Carmen<\/td>\n<td style=\"height: 11px; text-align: left;\" valign=\"top\" width=\"56%\">\u00a0Prof. Nac. de Dzas. Nat. y Folklore<\/td>\n<\/tr>\n<tr style=\"height: 2px;\">\n<td style=\"height: 2px; text-align: left;\" valign=\"top\" width=\"44%\"><strong>FOLTZ,<\/strong> Claudio Alberto<\/td>\n<td style=\"height: 2px; text-align: left;\" valign=\"top\" width=\"56%\">\u00a0Perito Mercantil \u2013 Esp. Fotograf\u00eda y Lab.<\/td>\n<\/tr>\n<tr style=\"height: 12px;\">\n<td style=\"height: 12px; text-align: center;\" valign=\"top\" width=\"44%\"><\/td>\n<td style=\"height: 12px; text-align: center;\" valign=\"top\" width=\"56%\"><\/td>\n<\/tr>\n<tr style=\"height: 12px;\">\n<td style=\"height: 12px; text-align: center;\" valign=\"top\" width=\"44%\"><\/td>\n<td style=\"height: 12px; text-align: center;\" valign=\"top\" width=\"56%\"><\/td>\n<\/tr>\n<tr style=\"height: 15px;\">\n<td style=\"height: 15px; text-align: center;\" valign=\"top\" width=\"44%\"><\/td>\n<td style=\"height: 15px; text-align: center;\" valign=\"top\" width=\"56%\"><\/td>\n<\/tr>\n<tr style=\"height: 9px;\">\n<td style=\"height: 9px; text-align: left;\" valign=\"top\" width=\"44%\"><strong>\u00a0GONZALEZ<\/strong>, Catalina Beatriz<\/td>\n<td style=\"height: 9px; text-align: left;\" valign=\"top\" width=\"56%\">\u00a0Prof. Nac. de Dzas. Nativas y Folk.<\/td>\n<\/tr>\n<tr style=\"height: 15px;\">\n<td style=\"height: 15px; text-align: left;\" valign=\"top\" width=\"44%\">\u00a0<strong>GONZALEZ,<\/strong> Rub\u00e9n Marino<\/td>\n<td style=\"height: 15px; text-align: left;\" valign=\"top\" width=\"56%\">\u00a0Locutor Nacional<\/td>\n<\/tr>\n<tr style=\"height: 16px;\">\n<td style=\"height: 16px; text-align: left;\" valign=\"top\" width=\"44%\">\u00a0<strong>LARSEN MA\u00d1AS<\/strong>, Anal\u00eda Grisel<\/td>\n<td style=\"height: 16px; text-align: left;\" valign=\"top\" width=\"56%\">\u00a0Lic. en Comunicaci\u00f3n Social<\/td>\n<\/tr>\n<tr style=\"height: 15px;\">\n<td style=\"height: 15px;\" valign=\"top\" width=\"44%\"><strong>MART\u00cdNEZ,<\/strong> Juan Pablo<\/td>\n<td style=\"height: 15px;\" valign=\"top\" width=\"56%\">Locutor Nacional<\/td>\n<\/tr>\n<tr style=\"height: 14px;\">\n<td style=\"height: 14px; text-align: left;\" valign=\"top\" width=\"44%\"><strong>\u00a0MAZACOTE<\/strong>, Myrian Marisa<\/td>\n<td style=\"height: 14px; text-align: left;\" valign=\"top\" width=\"56%\">\u00a0Prof. en Historia<\/td>\n<\/tr>\n<tr style=\"height: 10px;\">\n<td style=\"height: 10px; text-align: left;\" valign=\"top\" width=\"44%\"><strong>\u00a0ROBLEDO<\/strong>, Walter Luis<\/td>\n<td style=\"height: 10px; text-align: left;\" valign=\"top\" width=\"56%\">\u00a0Lic. en Filosof\u00eda<\/td>\n<\/tr>\n<tr style=\"height: 9px;\">\n<td style=\"height: 9px; text-align: left;\" valign=\"top\" width=\"44%\"><strong>\u00a0RODRIGUEZ<\/strong>, Pedro Ram\u00f3n<\/td>\n<td style=\"height: 9px; text-align: left;\" valign=\"top\" width=\"56%\">\u00a0Locutor Nacional<\/td>\n<\/tr>\n<tr style=\"height: 10px;\">\n<td style=\"height: 10px; text-align: left;\" valign=\"top\" width=\"44%\"><strong>\u00a0SALOM\u00d3N<\/strong>, Gustavo Samuel<\/td>\n<td style=\"height: 10px; text-align: left;\" valign=\"top\" width=\"56%\">T\u00e9c. Mec\u00e1nico \u2013 Esp. en Audio<\/td>\n<\/tr>\n<tr style=\"height: 9px;\">\n<td style=\"height: 9px; text-align: left;\" valign=\"top\" width=\"44%\"><strong>\u00a0SCARPETTA<\/strong>, Juan Jos\u00e9<\/td>\n<td style=\"height: 9px; text-align: left;\" valign=\"top\" width=\"56%\">\u00a0Productor y Director para Radio y TV<\/td>\n<\/tr>\n<tr style=\"height: 9px;\">\n<td style=\"height: 9px; text-align: left;\" valign=\"top\" width=\"44%\">\u00a0<strong>SEN\u00c9S<\/strong>, Norma Amalia<\/td>\n<td style=\"height: 9px; text-align: left;\" valign=\"top\" width=\"56%\">\u00a0Prof. Nac. de Dzas. Nat. y Folklore<\/td>\n<\/tr>\n<tr style=\"height: 14px;\">\n<td style=\"height: 14px; text-align: left;\" valign=\"top\" width=\"44%\"><strong>TENDIL,<\/strong> Teresita de Jes\u00fas<\/td>\n<td style=\"height: 14px; text-align: left;\" valign=\"top\" width=\"56%\">\u00a0Tec. Comunicaci\u00f3n Social<\/td>\n<\/tr>\n<tr style=\"height: 18px;\">\n<td style=\"height: 18px; text-align: left;\" valign=\"top\" width=\"44%\">\u00a0<strong>TOLEDO,<\/strong> Mar\u00eda Elena<\/td>\n<td style=\"height: 18px; text-align: left;\" valign=\"top\" width=\"56%\">\u00a0\u00a0Locutora Nacional<\/td>\n<\/tr>\n<tr style=\"height: 10px;\">\n<td style=\"height: 10px;\" valign=\"top\" width=\"44%\">\u00a0<strong>TOMAIPITINCA,<\/strong> Edith Erika<\/td>\n<td style=\"height: 10px;\" valign=\"top\" width=\"56%\">\u00a0Lic. en Fonoaudiolog\u00eda<\/td>\n<\/tr>\n<tr style=\"height: 8px;\">\n<td style=\"height: 8px; text-align: left;\" valign=\"top\" width=\"44%\"><strong>\u00a0\u00a0TOMAIPITINCA, <\/strong>M\u00f3nica M.<\/td>\n<td style=\"height: 8px; text-align: left;\" valign=\"top\" width=\"56%\">Prof. en Letras<\/td>\n<\/tr>\n<tr style=\"height: 10px;\">\n<td style=\"height: 10px; text-align: left;\" valign=\"top\" width=\"44%\"><strong>VEGA,<\/strong> Ema Griselda<\/td>\n<td style=\"height: 10px; text-align: left;\" valign=\"top\" width=\"56%\">\u00a0Productor y Director de Radio y TV<\/td>\n<\/tr>\n<tr style=\"height: 13px;\">\n<td style=\"height: 13px; text-align: left;\" valign=\"top\" width=\"44%\"><strong>VERA<\/strong>, Albino<\/td>\n<td style=\"height: 13px; text-align: left;\" valign=\"top\" width=\"56%\">T\u00e9c. Superior en Comunicaci\u00f3n Social. Diplomado en Comunicaci\u00f3n Social (UPB)<\/td>\n<\/tr>\n<tr style=\"height: 14px;\">\n<td style=\"height: 14px; text-align: center;\" valign=\"top\" width=\"44%\"><\/td>\n<td style=\"height: 14px;\" valign=\"top\" width=\"56%\"><\/td>\n<\/tr>\n<tr style=\"height: 12px;\">\n<td style=\"height: 12px; text-align: center;\" valign=\"top\" width=\"44%\"><\/td>\n<td style=\"height: 12px;\" valign=\"top\" width=\"56%\"><\/td>\n<\/tr>\n<tr style=\"height: 9.90625px;\">\n<td style=\"height: 9.90625px;\" valign=\"top\" width=\"44%\"><\/td>\n<td style=\"height: 9.90625px;\" valign=\"top\" width=\"56%\"><\/td>\n<\/tr>\n<tr style=\"height: 9px;\">\n<td style=\"height: 9px;\" valign=\"top\" width=\"44%\"><\/td>\n<td style=\"height: 9px;\" valign=\"top\" width=\"56%\"><\/td>\n<\/tr>\n<tr style=\"height: 13px;\">\n<td style=\"height: 13px;\" valign=\"top\" width=\"44%\"><\/td>\n<td style=\"height: 13px;\" valign=\"top\" width=\"56%\"><\/td>\n<\/tr>\n<tr style=\"height: 10px;\">\n<td style=\"height: 10px;\" valign=\"top\" width=\"44%\"><\/td>\n<td style=\"height: 10px;\" valign=\"top\" width=\"56%\"><\/td>\n<\/tr>\n<tr style=\"height: 11px;\">\n<td style=\"height: 11px;\" valign=\"top\" width=\"44%\"><\/td>\n<td style=\"height: 11px;\" valign=\"top\" width=\"56%\"><\/td>\n<\/tr>\n<tr style=\"height: 13px;\">\n<td style=\"height: 13px;\" valign=\"top\" width=\"44%\"><\/td>\n<td style=\"height: 13px;\" valign=\"top\" width=\"56%\"><\/td>\n<\/tr>\n<tr style=\"height: 11px;\">\n<td style=\"height: 11px;\" valign=\"top\" width=\"44%\"><\/td>\n<td style=\"height: 11px;\" valign=\"top\" width=\"56%\"><\/td>\n<\/tr>\n<tr style=\"height: 19px;\">\n<td style=\"height: 19px;\" valign=\"top\" width=\"44%\"><\/td>\n<td style=\"height: 19px;\" valign=\"top\" width=\"56%\"><\/td>\n<\/tr>\n<tr style=\"height: 12px;\">\n<td style=\"height: 12px;\" valign=\"top\" width=\"44%\"><\/td>\n<td style=\"height: 12px;\" valign=\"top\" width=\"56%\"><\/td>\n<\/tr>\n<tr style=\"height: 12px;\">\n<td style=\"height: 12px;\" valign=\"top\" width=\"44%\"><\/td>\n<td style=\"height: 12px;\" valign=\"top\" width=\"56%\"><\/td>\n<\/tr>\n<tr style=\"height: 16px;\">\n<td style=\"height: 16px;\" valign=\"top\" width=\"44%\"><\/td>\n<td style=\"height: 16px;\" valign=\"top\" width=\"56%\"><\/td>\n<\/tr>\n<tr style=\"height: 15px;\">\n<td style=\"height: 15px;\" valign=\"top\" width=\"44%\"><\/td>\n<td style=\"height: 15px;\" valign=\"top\" width=\"56%\"><\/td>\n<\/tr>\n<tr style=\"height: 11px;\">\n<td style=\"height: 11px;\" valign=\"top\" width=\"44%\"><\/td>\n<td style=\"height: 11px;\" valign=\"top\" width=\"56%\"><\/td>\n<\/tr>\n<tr style=\"height: 9px;\">\n<td style=\"height: 9px;\" valign=\"top\" width=\"44%\"><\/td>\n<td style=\"height: 9px;\" valign=\"top\" width=\"56%\"><\/td>\n<\/tr>\n<tr style=\"height: 13px;\">\n<td style=\"height: 13px;\" valign=\"top\" width=\"44%\"><\/td>\n<td style=\"height: 13px;\" valign=\"top\" width=\"56%\"><\/td>\n<\/tr>\n<tr style=\"height: 18px;\">\n<td style=\"height: 18px;\" valign=\"top\" width=\"44%\"><\/td>\n<td style=\"height: 18px;\" valign=\"top\" width=\"56%\"><\/td>\n<\/tr>\n<tr style=\"height: 17px;\">\n<td style=\"height: 17px;\" valign=\"top\" width=\"44%\"><\/td>\n<td style=\"height: 17px;\" valign=\"top\" width=\"56%\"><\/td>\n<\/tr>\n<tr style=\"height: 5px;\">\n<td style=\"height: 5px;\" valign=\"top\" width=\"44%\"><\/td>\n<td style=\"height: 5px;\" valign=\"top\" width=\"56%\"><\/td>\n<\/tr>\n<tr style=\"height: 17px;\">\n<td style=\"height: 17px;\" valign=\"top\" width=\"44%\"><\/td>\n<td style=\"height: 17px;\" valign=\"top\" width=\"56%\"><\/td>\n<\/tr>\n<tr style=\"height: 10px;\">\n<td style=\"height: 10px;\" valign=\"top\" width=\"44%\"><\/td>\n<td style=\"height: 10px;\" valign=\"top\" width=\"56%\"><\/td>\n<\/tr>\n<tr style=\"height: 17px;\">\n<td style=\"height: 17px;\" valign=\"top\" width=\"44%\"><\/td>\n<td style=\"height: 17px;\" valign=\"top\" width=\"56%\"><\/td>\n<\/tr>\n<tr style=\"height: 13px;\">\n<td style=\"height: 13px;\" valign=\"top\" width=\"44%\"><\/td>\n<td style=\"height: 13px;\" valign=\"top\" width=\"56%\"><\/td>\n<\/tr>\n<tr style=\"height: 11px;\">\n<td style=\"height: 11px;\" valign=\"top\" width=\"44%\"><\/td>\n<td style=\"height: 11px;\" valign=\"top\" width=\"56%\"><\/td>\n<\/tr>\n<\/tbody>\n<\/table>\n","protected":false},"excerpt":{"rendered":"<p>&nbsp; Provincia de Formosa Ministerio de Cultura y Educaci\u00f3n Direcci\u00f3n de Educaci\u00f3n Superior Instituto superior del Profesorado de\u00a0 Arte de Formosa I.S.P.A.F N\u00f3mina del Personal Docente &nbsp; &nbsp; &nbsp; \u00a0APELLIDO\u00a0Y\u00a0NOMBRE \u00a0 T\u00cdTULO \u00a0 ALVARENGA, Beatriz Nilda Prof. en Artes Pl\u00e1sticas AQUINO, Luis Ger\u00f3nimo Pregrado:\u00a0\u00a0 T\u00e9cnico Electromec\u00e1nico -ENET 1 Grado:\u00a0\u00a0 Ingeniero Electricista -UTN Posgrado: Especialista en &#8230; <a title=\"Docentes\" class=\"read-more\" href=\"https:\/\/ispaf-for.infd.edu.ar\/sitio\/docentes\/\" aria-label=\"More on Docentes\">[+]<\/a><\/p>\n","protected":false},"author":187,"featured_media":0,"parent":0,"menu_order":0,"comment_status":"closed","ping_status":"closed","template":"","meta":[],"acf":[],"_links":{"self":[{"href":"https:\/\/ispaf-for.infd.edu.ar\/sitio\/wp-json\/wp\/v2\/pages\/760"}],"collection":[{"href":"https:\/\/ispaf-for.infd.edu.ar\/sitio\/wp-json\/wp\/v2\/pages"}],"about":[{"href":"https:\/\/ispaf-for.infd.edu.ar\/sitio\/wp-json\/wp\/v2\/types\/page"}],"author":[{"embeddable":true,"href":"https:\/\/ispaf-for.infd.edu.ar\/sitio\/wp-json\/wp\/v2\/users\/187"}],"replies":[{"embeddable":true,"href":"https:\/\/ispaf-for.infd.edu.ar\/sitio\/wp-json\/wp\/v2\/comments?post=760"}],"version-history":[{"count":9,"href":"https:\/\/ispaf-for.infd.edu.ar\/sitio\/wp-json\/wp\/v2\/pages\/760\/revisions"}],"predecessor-version":[{"id":854,"href":"https:\/\/ispaf-for.infd.edu.ar\/sitio\/wp-json\/wp\/v2\/pages\/760\/revisions\/854"}],"wp:attachment":[{"href":"https:\/\/ispaf-for.infd.edu.ar\/sitio\/wp-json\/wp\/v2\/media?parent=760"}],"curies":[{"name":"wp","href":"https:\/\/api.w.org\/{rel}","templated":true}]}}