{"id":775,"date":"2018-08-30T19:04:28","date_gmt":"2018-08-30T22:04:28","guid":{"rendered":"https:\/\/ispaf-for.infd.edu.ar\/sitio\/autoridades\/"},"modified":"2022-08-08T23:23:51","modified_gmt":"2022-08-09T02:23:51","slug":"autoridades","status":"publish","type":"page","link":"https:\/\/ispaf-for.infd.edu.ar\/sitio\/autoridades\/","title":{"rendered":"Autoridades"},"content":{"rendered":"<p style=\"text-align: center;\"><img decoding=\"async\" loading=\"lazy\" class=\"alignnone wp-image-931\" src=\"https:\/\/ispaf-for.infd.edu.ar\/sitio\/wp-content\/uploads\/2019\/04\/logo.jpg\" alt=\"\" width=\"192\" height=\"192\" srcset=\"https:\/\/ispaf-for.infd.edu.ar\/sitio\/wp-content\/uploads\/2019\/04\/logo.jpg 600w, https:\/\/ispaf-for.infd.edu.ar\/sitio\/wp-content\/uploads\/2019\/04\/logo-500x500.jpg 500w\" sizes=\"(max-width: 192px) 100vw, 192px\" \/><\/p>\n<h5><\/h5>\n<h1 style=\"text-align: center;\"><span class=\"Titulo_resaltado\" style=\"font-family: 'times new roman', times, serif; font-size: 18pt; background-color: #ffffff; color: #000000;\">DIRECTOR<\/span><\/h1>\n<h2 style=\"text-align: center;\"><span style=\"color: #3366ff;\"><em><span class=\"Titulo_resaltado\" style=\"font-family: 'times new roman', times, serif; background-color: #ffffff;\"><strong><span style=\"background-color: #ffffff;\">Pro<\/span>fesor<\/strong> <strong>Ernesto\u00a0<\/strong><\/span><\/em><span style=\"color: #0000ff; font-family: times new roman, times, serif;\"><i>Mart\u00ednez<\/i><\/span><\/span><\/h2>\n<h1 style=\"text-align: center;\"><span class=\"Titulo_resaltado\" style=\"font-family: 'times new roman', times, serif; background-color: #ffffff; font-size: 18pt; color: #000000;\">SECRETARIA DOCENTE<\/span><\/h1>\n<h2 style=\"text-align: center;\"><em><strong><span class=\"Titulo_resaltado\" style=\"font-family: 'times new roman', times, serif; background-color: #ffffff; color: #0000ff;\">Prof. Silvia Raquel Palacios<\/span><\/strong><\/em><\/h2>\n<h1 style=\"text-align: center;\"><span class=\"Titulo_resaltado\" style=\"font-family: 'times new roman', times, serif; background-color: #ffffff; font-size: 18pt; color: #000000;\">SECRETARIO CONTABLE<\/span><\/h1>\n<h2 style=\"text-align: center;\"><strong><em><span class=\"Titulo_resaltado\" style=\"font-family: 'times new roman', times, serif; background-color: #ffffff;\">\u00a0<span style=\"color: #0000ff;\">Eduardo Bernal<\/span><\/span><\/em><\/strong><\/h2>\n<h1 style=\"text-align: center;\"><span class=\"Titulo_resaltado\" style=\"font-family: 'times new roman', times, serif; background-color: #ffffff; font-size: 18pt; color: #000000;\">COORDINADORA AC\u00c1DEMICA<\/span><\/h1>\n<h2 style=\"text-align: center;\"><em><strong><span style=\"color: #0000ff;\"><span class=\"Titulo_resaltado\" style=\"font-family: 'times new roman', times, serif; background-color: #ffffff;\">Prof. Laura Emilce Barrios<\/span><\/span><\/strong><\/em><\/h2>\n<h1 style=\"text-align: center;\"><span class=\"Titulo_resaltado\" style=\"font-family: 'times new roman', times, serif; background-color: #ffffff; font-size: 18pt; color: #000000;\">COORDINADORA DEL DEPARTAMENTO DE CAPACITACI\u00d3N E INVESTIGACI\u00d3N\u00a0\u00a0<\/span><\/h1>\n<h1 style=\"text-align: center;\"><em><span style=\"color: #0000ff;\"><strong><span class=\"Titulo_resaltado\" style=\"font-family: 'times new roman', times, serif; background-color: #ffffff;\">Prof. Vera Marcela<\/span><\/strong><\/span><\/em><b><\/b><\/h1>\n<p style=\"text-align: center;\"><span style=\"color: #000000;\">\u00a0 \u00a0<strong>\u00a0 COORDINADOR DE LA CARRERA DEL PROFESORADO DE DANZA CON ORIENTACION EN DANZA FOLKLORICA Y CONTEMPORANEA<\/strong><\/span><\/p>\n<h2 style=\"text-align: center;\"><em><strong><span style=\"color: #0000ff;\">Prof. Diego L\u00f3pez<\/span><\/strong><\/em><\/h2>\n<p style=\"text-align: center;\">\n<h1 style=\"text-align: center;\"><span style=\"font-family: 'times new roman', times, serif; font-size: 14pt; color: #000000;\"><span style=\"font-family: 'times new roman', times, serif; font-size: 18pt;\">COORDINADORA DE PRACTICA DOCENTE<\/span><\/span><\/h1>\n<h2 style=\"text-align: center;\"><span style=\"font-family: 'times new roman', times, serif; font-size: 14pt; color: #0000ff;\"><strong><em>Prof. Valeria Villamayor<\/em><\/strong><\/span><\/h2>\n<h1 style=\"text-align: center;\"><span style=\"color: #000000;\"><span style=\"font-family: 'times new roman', times, serif; font-size: 18pt;\">COORDINADORA DE PRACTICA PROFESIONALIZANTE &#8211; FORMACION TECNICA<\/span><\/span><\/h1>\n<p style=\"text-align: center;\"><span style=\"font-family: 'times new roman', times, serif; font-size: 14pt; color: #0000ff;\"><strong><em>Miriam Batalla<\/em><\/strong><\/span><\/p>\n<p style=\"text-align: center;\"><span style=\"background-color: #ffffff;\">\u00a0<\/span><\/p>\n<p style=\"text-align: center;\"><strong><span style=\"color: #0000ff;\">\u00a0<\/span><\/strong><\/p>\n<p style=\"text-align: center;\"><span style=\"color: #333399;\">\u00a0<\/span><\/p>\n<p style=\"text-align: center;\"><span style=\"font-family: 'times new roman', times, serif; color: #333399;\"><em>\u00a0<\/em><\/span><\/p>\n<p style=\"text-align: center;\">\n","protected":false},"excerpt":{"rendered":"<p>DIRECTOR Profesor Ernesto\u00a0Mart\u00ednez SECRETARIA DOCENTE Prof. Silvia Raquel Palacios SECRETARIO CONTABLE \u00a0Eduardo Bernal COORDINADORA AC\u00c1DEMICA Prof. Laura Emilce Barrios COORDINADORA DEL DEPARTAMENTO DE CAPACITACI\u00d3N E INVESTIGACI\u00d3N\u00a0\u00a0 Prof. Vera Marcela \u00a0 \u00a0\u00a0 COORDINADOR DE LA CARRERA DEL PROFESORADO DE DANZA CON ORIENTACION EN DANZA FOLKLORICA Y CONTEMPORANEA Prof. Diego L\u00f3pez COORDINADORA DE PRACTICA DOCENTE Prof. Valeria &#8230; <a title=\"Autoridades\" class=\"read-more\" href=\"https:\/\/ispaf-for.infd.edu.ar\/sitio\/autoridades\/\" aria-label=\"More on Autoridades\">[+]<\/a><\/p>\n","protected":false},"author":187,"featured_media":0,"parent":0,"menu_order":0,"comment_status":"closed","ping_status":"closed","template":"","meta":[],"acf":[],"_links":{"self":[{"href":"https:\/\/ispaf-for.infd.edu.ar\/sitio\/wp-json\/wp\/v2\/pages\/775"}],"collection":[{"href":"https:\/\/ispaf-for.infd.edu.ar\/sitio\/wp-json\/wp\/v2\/pages"}],"about":[{"href":"https:\/\/ispaf-for.infd.edu.ar\/sitio\/wp-json\/wp\/v2\/types\/page"}],"author":[{"embeddable":true,"href":"https:\/\/ispaf-for.infd.edu.ar\/sitio\/wp-json\/wp\/v2\/users\/187"}],"replies":[{"embeddable":true,"href":"https:\/\/ispaf-for.infd.edu.ar\/sitio\/wp-json\/wp\/v2\/comments?post=775"}],"version-history":[{"count":17,"href":"https:\/\/ispaf-for.infd.edu.ar\/sitio\/wp-json\/wp\/v2\/pages\/775\/revisions"}],"predecessor-version":[{"id":2017,"href":"https:\/\/ispaf-for.infd.edu.ar\/sitio\/wp-json\/wp\/v2\/pages\/775\/revisions\/2017"}],"wp:attachment":[{"href":"https:\/\/ispaf-for.infd.edu.ar\/sitio\/wp-json\/wp\/v2\/media?parent=775"}],"curies":[{"name":"wp","href":"https:\/\/api.w.org\/{rel}","templated":true}]}}