{"id":777,"date":"2018-08-30T19:04:29","date_gmt":"2018-08-30T22:04:29","guid":{"rendered":"https:\/\/ispaf-for.infd.edu.ar\/sitio\/historia-institucional\/"},"modified":"2020-11-09T23:59:31","modified_gmt":"2020-11-10T02:59:31","slug":"historia-institucional","status":"publish","type":"page","link":"https:\/\/ispaf-for.infd.edu.ar\/sitio\/historia-institucional\/","title":{"rendered":"Historia Institucional"},"content":{"rendered":"<p><span style=\"font-size: x-small; font-family: Arial;\">\u00a0<\/span><\/p>\n<p align=\"justify\"><img decoding=\"async\" title=\"Logo del ISPAF\" src=\"https:\/\/ispaf-for.infd.edu.ar\/sitio\/wp-content\/uploads\/2018\/08\/ispaflogo.bmp\" alt=\"Logo del ISPAF\" border=\"0\" \/>El Instituto Superior de Profesorado de Arte de Formosa (ISPAF) fue creado el 29 de diciembre del a\u00f1o 1986, con el nombre de Instituto Nacional del Profesorado de Arte de Formosa por Resoluci\u00f3n N\u00ba 3095 del Ministerio de Educaci\u00f3n y Justicia de la Naci\u00f3n, teniendo su sede en ese entonces en la calle San Mart\u00edn N\u00ba 927 de la ciudad de Formosa, y se nombra al primer Director del Instituto, Prof. Norberto Luis Fandos. Las carreras -a las cuales pod\u00edan acceder cientos de j\u00f3venes formose\u00f1os inclinados al arte- comenzaron a dictarse el 20 de abril de 1987 con una matr\u00edcula aproximada de 120 alumnos, siendo las mismas: Profesorado en Cer\u00e1mica Art\u00edstica; Profesorado Nacional de Danzas Nativas y Folklore y Profesorado Nacional de Danzas. Especialidad: Danzas Cl\u00e1sicas.<\/p>\n<p>&nbsp;<\/p>\n<p align=\"justify\">El 12 de mayo de 1989 se inaugura con un acto oficial presidido por el Ministro de Justicia y Trabajo de la Naci\u00f3n, Dr. Jorge Federico S\u00e1bato, el nuevo establecimiento del Instituto Nacional del Profesorado de Arte, funcionando a partir de esa fecha en calle Ant\u00e1rtida Argentina N\u00ba 350 de esta capital, compartiendo las instalaciones con el \u00abCentro Polivalente de Arte\u00bb (actual E.P.N.M. N\u00ba 52).<\/p>\n<p align=\"justify\">El 26 de febrero de 1990 es designado por el Ministerio de Educaci\u00f3n y Justicia de la Naci\u00f3n Rector Normalizador del Instituto Nacional del Profesorado de Arte el Profesor Isa\u00edas Mercedes Aguilar, estando al frente de esta instituci\u00f3n hasta el 11 de mayo de 1992, cuando asume el Profesor Juan Domingo Benitez como Director.<\/p>\n<p align=\"justify\">Ante la demanda de contar con profesionales id\u00f3neos y permanentemente actualizados en materia de medios de comunicaci\u00f3n social, se firma el convenio con el ISER el 15 de julio de 1993, y a partir del mes de marzo del a\u00f1o 1994 comienza el dictado de las carreras de comunicaci\u00f3n: Locutor Nacional; Productor y Director de Radio y TV; Operador T\u00e9cnico de Estudio y de Planta Transmisora para Radio y TV -. A partir del 1\u00b0 de Enero del mismo a\u00f1o, son transferidos los servicios educativos de los establecimientos educativos de jurisdicci\u00f3n nacional a la jurisdicci\u00f3n provincial.<\/p>\n<p align=\"justify\">El 1\u00ba de agosto del a\u00f1o 2002 se nombra como Directora del Instituto Superior del Profesorado de Arte de Formosa, Profesora Myriam Hayde\u00e9 Cosentino,\u00a0 durante su gesti\u00f3n que se inicia el dictado de la Carrera de T\u00e9cnico Superior en Periodismo, dependiente de la Direcci\u00f3n de Educaci\u00f3n Superior de la Provincia.<\/p>\n<p align=\"justify\">El 09 de Noviembre de 2017 asume como Director Organizador el Profesor Ernesto Martinez quien se desempe\u00f1a actualmente en ese cargo.<\/p>\n<p align=\"justify\">El Instituto Superior del Profesorado de Arte de Formosa (ISPAF) plantea una nueva mirada de la formaci\u00f3n acad\u00e9mica, sustentada en el trabajo articulado e integral,\u00a0 en red con distintos organizaciones comunitarias e instituciones\u00a0 para poder garantizar una educaci\u00f3n de calidad , inclusiva y equitativa, considerando como eje trasversal en la Formaci\u00f3n Docente y T\u00e9cnica el desarrollo de\u00a0 Capacidades Socio afectivas y espirituales.<\/p>\n<p>&nbsp;<\/p>\n<p>&nbsp;<\/p>\n<p>&nbsp;<\/p>\n<p>&nbsp;<\/p>\n<p>&nbsp;<\/p>\n<p>&nbsp;<\/p>\n<p>&nbsp;<\/p>\n<p>&nbsp;<\/p>\n<p>&nbsp;<\/p>\n<p>&nbsp;<\/p>\n<p>&nbsp;<\/p>\n<p>&nbsp;<\/p>\n<p>&nbsp;<\/p>\n<p>&nbsp;<\/p>\n<p>&nbsp;<\/p>\n<p>&nbsp;<\/p>\n<p>&nbsp;<\/p>\n<p>&nbsp;<\/p>\n<p>&nbsp;<\/p>\n<p>&nbsp;<\/p>\n<p>&nbsp;<\/p>\n<p>&nbsp;<\/p>\n<p>&nbsp;<\/p>\n<p>&nbsp;<\/p>\n<p>&nbsp;<\/p>\n<p>&nbsp;<\/p>\n<p>&nbsp;<\/p>\n<p>&nbsp;<\/p>\n<p>&nbsp;<\/p>\n<p>&nbsp;<\/p>\n<p>&nbsp;<\/p>\n<p align=\"justify\">\n","protected":false},"excerpt":{"rendered":"<p>\u00a0 El Instituto Superior de Profesorado de Arte de Formosa (ISPAF) fue creado el 29 de diciembre del a\u00f1o 1986, con el nombre de Instituto Nacional del Profesorado de Arte de Formosa por Resoluci\u00f3n N\u00ba 3095 del Ministerio de Educaci\u00f3n y Justicia de la Naci\u00f3n, teniendo su sede en ese entonces en la calle San &#8230; <a title=\"Historia Institucional\" class=\"read-more\" href=\"https:\/\/ispaf-for.infd.edu.ar\/sitio\/historia-institucional\/\" aria-label=\"More on Historia Institucional\">[+]<\/a><\/p>\n","protected":false},"author":187,"featured_media":0,"parent":0,"menu_order":0,"comment_status":"closed","ping_status":"closed","template":"","meta":[],"acf":[],"_links":{"self":[{"href":"https:\/\/ispaf-for.infd.edu.ar\/sitio\/wp-json\/wp\/v2\/pages\/777"}],"collection":[{"href":"https:\/\/ispaf-for.infd.edu.ar\/sitio\/wp-json\/wp\/v2\/pages"}],"about":[{"href":"https:\/\/ispaf-for.infd.edu.ar\/sitio\/wp-json\/wp\/v2\/types\/page"}],"author":[{"embeddable":true,"href":"https:\/\/ispaf-for.infd.edu.ar\/sitio\/wp-json\/wp\/v2\/users\/187"}],"replies":[{"embeddable":true,"href":"https:\/\/ispaf-for.infd.edu.ar\/sitio\/wp-json\/wp\/v2\/comments?post=777"}],"version-history":[{"count":3,"href":"https:\/\/ispaf-for.infd.edu.ar\/sitio\/wp-json\/wp\/v2\/pages\/777\/revisions"}],"predecessor-version":[{"id":1480,"href":"https:\/\/ispaf-for.infd.edu.ar\/sitio\/wp-json\/wp\/v2\/pages\/777\/revisions\/1480"}],"wp:attachment":[{"href":"https:\/\/ispaf-for.infd.edu.ar\/sitio\/wp-json\/wp\/v2\/media?parent=777"}],"curies":[{"name":"wp","href":"https:\/\/api.w.org\/{rel}","templated":true}]}}