{"id":779,"date":"2018-08-30T19:04:29","date_gmt":"2018-08-30T22:04:29","guid":{"rendered":"https:\/\/ispaf-for.infd.edu.ar\/sitio\/locutor-nacional-2\/"},"modified":"2019-04-13T02:36:16","modified_gmt":"2019-04-13T05:36:16","slug":"locutor-nacional-2","status":"publish","type":"page","link":"https:\/\/ispaf-for.infd.edu.ar\/sitio\/locutor-nacional-2\/","title":{"rendered":"Locutor Nacional"},"content":{"rendered":"<p style=\"text-align: center;\"><img decoding=\"async\" loading=\"lazy\" src=\"http:\/\/www.besame.fm\/images\/1824369_n_vir3.jpg\" alt=\"Locutor Nacional\" width=\"250\" height=\"270\" border=\"0\" \/><\/p>\n<p class=\"Default\" style=\"text-align: center;\">\n<p class=\"Default\" style=\"text-align: center;\"><span style=\"font-size: 18pt; color: #3366ff;\"><strong>Carrera de Locutor Nacional<\/strong><\/span><\/p>\n<p class=\"Default\" style=\"text-align: center;\"><span style=\"font-size: 12pt;\"><em>Las clases se dictan\u00a0 en el <strong>Instituto Superior del Profesora de\u00a0 Arte de Formosa (ISPAF)<\/strong>.\u00a0 Instituto de\u00a0 Gesti\u00f3n Estatal. Por tratarse de una instituci\u00f3n p\u00fablica, la carrera no tiene arancel. La propuesta educativa surge a partir de un convenio con el <strong>Instituto Superior de Ense\u00f1anza Radiof\u00f3nica<\/strong> (ISER) y el <strong>Gobierno de la Provincia de Formosa<\/strong> a trav\u00e9s del <strong>Ministerio de Cultura y Educaci\u00f3n.<\/strong><\/em><\/span><\/p>\n<p class=\"Sinespaciado1\"><em>\u00a0<\/em><\/p>\n<p class=\"Sinespaciado1\" style=\"text-align: justify;\">La carrera inici\u00f3 el a\u00f1o 1994 y desde esa \u00e9poca viene formando profesionales que realizan sus tares en medios radiales, televisivos e institucionales. La carrera tiene una duraci\u00f3n de tres\u00a0 (3) a\u00f1os. Las clases son presenciales, se dictan de <strong>lunes a viernes<\/strong> durante todo este tiempo de formaci\u00f3n intelectual y pr\u00e1ctica profesional el alumno va adquiriendo el adiestramiento necesario que le permitir\u00e1, una vez egresado, insertarse en el \u00e1mbito laboral de los Medios de Comunicaci\u00f3n y desarrollar sus tareas con debida\u00a0 solvencia e idoneidad que\u00a0 requiere el medio.<\/p>\n<p class=\"Default\"><strong>\u00a0<\/strong><\/p>\n<p class=\"Default\" style=\"text-align: center;\"><span style=\"color: #ff0000; font-size: 12pt;\"><strong>Objetivos de la Carreras<\/strong><\/span><\/p>\n<p style=\"text-align: justify;\">Que el futuro egresado, tras sus tres a\u00f1os de formaci\u00f3n conozca e int\u00e9rprete, la realidad regional, nacional e internacional desde una perspectiva latinoamericana, atenta al propio desarrollo hist\u00f3rico del continente. Los fundamentos filos\u00f3ficos, \u00e9ticos y est\u00e9ticos de la cultura, vinculados a manifestaciones concretas del arte, la literatura y el pensamiento y su continuidad con la pr\u00e1ctica comunicacional. Los principios te\u00f3ricos de la interpretaci\u00f3n de la cultura a la que tiende el proceso de comunicaci\u00f3n: Proceso de simbolizaci\u00f3n. Sistema de significaci\u00f3n social. Teor\u00edas del lenguaje y de la imagen. Elementos y agentes del proceso de comunicaci\u00f3n. Referentes hist\u00f3ricos de las distintas formulaciones te\u00f3ricas y tecnol\u00f3gicas. La legislaci\u00f3n aplicada al \u00e1mbito de la radiodifusi\u00f3n. Las conductas b\u00e1sicas para el desempe\u00f1o en estudios de Radio y Televisi\u00f3n.<\/p>\n<p style=\"text-align: center;\"><span style=\"font-size: 12pt; color: #ff0000;\"><strong>Competencia \u00a0del Egresado<\/strong><\/span><\/p>\n<p style=\"text-align: justify;\">Tras su paso por el Instituto el egresado adquiera la competencia: Para expresarse ante la audiencia de acuerdo con las pautas de correcci\u00f3n idiom\u00e1ticas (en sus versiones coloquiales y regionales). Modulaci\u00f3n est\u00e9tica de la voz (con aceptaci\u00f3n de los tonos y modalidades nativas). Crear estilos personales de comunicaci\u00f3n que eviten modelos repetitivos y rutinarios. Estimular a trav\u00e9s de su desempe\u00f1o, el gusto est\u00e9tico, el descondicionamineto ideol\u00f3gico, el juicio cr\u00edtico y la creatividad social.<\/p>\n<p style=\"text-align: center;\"><span style=\"color: #ff0000; font-size: 12pt;\"><strong>Perfil del Egresado<\/strong><\/span><\/p>\n<p style=\"text-align: justify;\">El egresado de la carrera est\u00e1 apto para incluir dentro de su desempe\u00f1o profesional: La debida adecuaci\u00f3n de los principios te\u00f3ricos a las situaciones concretas del proceso comunicacional. Esp\u00edritu cr\u00edtico y autocr\u00edtico para analizar las limitaciones del medio y de su desempe\u00f1o profesional a efectos de superarlas.<\/p>\n<p style=\"text-align: justify;\">Creatividad y disposici\u00f3n para colaborar en procesos comunicacionales abiertos a la dinamizaci\u00f3n integral de la cultura. Independencia de criterio descondicionamineto ideol\u00f3gico y sensibilidad art\u00edstica para interpretar la realidad y facilitar a la comunidad los elementos de auto comprensi\u00f3n e intercambio cultural entre diferentes grupos.<\/p>\n<p style=\"text-align: justify;\">Reconocimiento y valoraci\u00f3n de la comunicaci\u00f3n como emergente de la libre voluntad y expresi\u00f3n integral del hombre.<\/p>\n<p style=\"text-align: justify;\">Dimensi\u00f3n de la funci\u00f3n del comunicador a partir de la responsabilidad social de sus tareas especificas. Conciencia de la dignificaci\u00f3n de su desempe\u00f1o al servicio de los intereses de la comunidad en su conjunto, con particular atenci\u00f3n a los sectores menos posibilitados de expresarse ante el resto de la sociedad.<\/p>\n<p>&nbsp;<\/p>\n<p>&nbsp;<\/p>\n<pre><\/pre>\n<pre><\/pre>\n<pre><\/pre>\n<pre><\/pre>\n<pre><\/pre>\n<pre><\/pre>\n<pre><\/pre>\n","protected":false},"excerpt":{"rendered":"<p>Carrera de Locutor Nacional Las clases se dictan\u00a0 en el Instituto Superior del Profesora de\u00a0 Arte de Formosa (ISPAF).\u00a0 Instituto de\u00a0 Gesti\u00f3n Estatal. Por tratarse de una instituci\u00f3n p\u00fablica, la carrera no tiene arancel. La propuesta educativa surge a partir de un convenio con el Instituto Superior de Ense\u00f1anza Radiof\u00f3nica (ISER) y el Gobierno de &#8230; <a title=\"Locutor Nacional\" class=\"read-more\" href=\"https:\/\/ispaf-for.infd.edu.ar\/sitio\/locutor-nacional-2\/\" aria-label=\"More on Locutor Nacional\">[+]<\/a><\/p>\n","protected":false},"author":187,"featured_media":0,"parent":0,"menu_order":0,"comment_status":"closed","ping_status":"closed","template":"","meta":[],"acf":[],"_links":{"self":[{"href":"https:\/\/ispaf-for.infd.edu.ar\/sitio\/wp-json\/wp\/v2\/pages\/779"}],"collection":[{"href":"https:\/\/ispaf-for.infd.edu.ar\/sitio\/wp-json\/wp\/v2\/pages"}],"about":[{"href":"https:\/\/ispaf-for.infd.edu.ar\/sitio\/wp-json\/wp\/v2\/types\/page"}],"author":[{"embeddable":true,"href":"https:\/\/ispaf-for.infd.edu.ar\/sitio\/wp-json\/wp\/v2\/users\/187"}],"replies":[{"embeddable":true,"href":"https:\/\/ispaf-for.infd.edu.ar\/sitio\/wp-json\/wp\/v2\/comments?post=779"}],"version-history":[{"count":2,"href":"https:\/\/ispaf-for.infd.edu.ar\/sitio\/wp-json\/wp\/v2\/pages\/779\/revisions"}],"predecessor-version":[{"id":1123,"href":"https:\/\/ispaf-for.infd.edu.ar\/sitio\/wp-json\/wp\/v2\/pages\/779\/revisions\/1123"}],"wp:attachment":[{"href":"https:\/\/ispaf-for.infd.edu.ar\/sitio\/wp-json\/wp\/v2\/media?parent=779"}],"curies":[{"name":"wp","href":"https:\/\/api.w.org\/{rel}","templated":true}]}}