{"id":781,"date":"2018-08-30T19:04:30","date_gmt":"2018-08-30T22:04:30","guid":{"rendered":"https:\/\/ispaf-for.infd.edu.ar\/sitio\/produccion-y-direccion\/"},"modified":"2019-04-13T02:40:38","modified_gmt":"2019-04-13T05:40:38","slug":"produccion-y-direccion","status":"publish","type":"page","link":"https:\/\/ispaf-for.infd.edu.ar\/sitio\/produccion-y-direccion\/","title":{"rendered":"Producci\u00f3n y Direcci\u00f3n"},"content":{"rendered":"<p>&nbsp;<\/p>\n<p class=\"Default\" style=\"text-align: center;\"><span style=\"font-size: 18pt; color: #cc99ff;\" data-mce-mark=\"1\"><strong>Carrera de Productor y Director de Radio y Televisi\u00f3n<\/strong><\/span><\/p>\n<p class=\"Default\" style=\"text-align: center;\"><span style=\"font-size: 14pt;\"><em style=\"color: #000000; font-size: 10px;\">Las clases de dicha carrera se dictan\u00a0 en el <strong>Instituto Superior del Profesora de\u00a0 Arte de Formosa (ISPAF)<\/strong>.\u00a0 Instituto de\u00a0 Formaci\u00f3n Docente de Gesti\u00f3n Estatal. La carrera inici\u00f3 el a\u00f1o 1994, mediante un convenio con el Instituto Superior de Ense\u00f1anza Radiof\u00f3nica y el Gobierno de la Provincia de Formosa a trav\u00e9s del Ministerio de Cultura y Educaci\u00f3n.\u00a0 Desde esa \u00e9poca viene formando profesionales que realizan sus tares en distintos \u00e1mbitos, tanto en medios radiales, televisivos e institucionales. La carrera tiene una duraci\u00f3n de tres (3) a\u00f1os; las clases son presenciales, se dictan de <strong>lunes a viernes<\/strong> durante todo este tiempo de formaci\u00f3n intelectual y pr\u00e1ctica profesional el alumno va adquiriendo el adiestramiento necesario que le permitir\u00e1, una vez egresado, insertarse en el \u00e1mbito laboral de los Medios de Comunicaci\u00f3n y desarrollar sus tareas con debida\u00a0 solvencia e idoneidad que\u00a0 requiere el medio.<\/em><\/span><\/p>\n<p class=\"Default\" style=\"text-align: center;\"><span style=\"color: #cc99ff; font-size: 12pt;\"><strong>Finalidad de la carrera<\/strong><\/span><\/p>\n<p class=\"Default\">El futuro egresado del ISER, a lo largo de estos tres a\u00f1os de formaci\u00f3n, logre insertarse en la realidad regional, nacional e internacional desde una perspectiva latinoamericana y, que, al mismo tiempo, logre articular su tarea coherentemente con su inserci\u00f3n.<\/p>\n<p class=\"Default\"><strong>\u00a0<\/strong><\/p>\n<p class=\"Default\" style=\"text-align: center;\"><span style=\"color: #cc99ff; font-size: 12pt;\"><strong>Objetivos Comunes de las carreras del ISER<\/strong><\/span><\/p>\n<p class=\"Default\" style=\"text-align: justify;\">Que su formaci\u00f3n le permita un conocimiento cr\u00edtico y transformador del hecho comunicacional en sus aspectos te\u00f3ricos pr\u00e1cticos y a partir de all\u00ed pueda:<\/p>\n<ul>\n<li style=\"text-align: justify;\">Encarar con actitud \u00e9tica su ejercicio profesional en el \u00e1mbito de la Radiodifusi\u00f3n.<\/li>\n<li style=\"text-align: justify;\">Genere un \u00e1mbito de di\u00e1logo permanente que contribuya al paulatino descondicionamineto de la expresividad y el juicio cr\u00edtico del conjunto de la sociedad.<\/li>\n<li style=\"text-align: justify;\">Desarrolle una m\u00e1xima creatividad que tienda a superar el esquematismo ret\u00f3rico de los actuales c\u00f3digos comunicacionales en favor de del ejercicio imaginativo de nuevas formas de conocimiento y de acci\u00f3n.<\/li>\n<li style=\"text-align: justify;\">Valore la particularidad cultural de los diferentes grupos regionales, \u00e9tnicos, y sus espec\u00edficos modos de relaci\u00f3n y comunicaci\u00f3n.<\/li>\n<li style=\"text-align: justify;\">Promueva modelos culturales acordes a una concepci\u00f3n dignificante de la persona entendida como integridad <strong><em>bio-psiquica-espiritual<\/em><\/strong>.<\/li>\n<li style=\"text-align: justify;\">Participe solidariamente en la tarea de equipo que supone el ejercicio profesional de los medios de radiodifusi\u00f3n.<\/li>\n<li style=\"text-align: justify;\">Internalice pautas de respeto a la libertad, la justicia y la solidaridad como un modo de restaurar el delicado tejido comunitario que mantiene la cohesi\u00f3n social.<\/li>\n<\/ul>\n<p style=\"text-align: center;\"><span style=\"color: #ff0000; font-size: 12pt;\"><strong><span style=\"color: #cc99ff;\">Competencia del Egresado<\/span> <\/strong><\/span><\/p>\n<p style=\"text-align: justify;\">Tras su paso por el Instituto el egresado adquiera la competencia:<\/p>\n<ul>\n<li style=\"text-align: justify;\">Llevar adelante\u00a0 las tareas espec\u00edficas de la producci\u00f3n, direcci\u00f3n y posproducci\u00f3n radial y televisiva con independencia de criterio y esp\u00edritu innovador.<\/li>\n<li style=\"text-align: justify;\">Aplicar los conocimientos adquiridos y dar respuestas concretas\u00a0 a nuevas problem\u00e1ticas.<\/li>\n<li style=\"text-align: justify;\">Conjugar la formaci\u00f3n cultural, los principios te\u00f3ricos y el conocimiento de la realidad\u00a0 hist\u00f3rica\u00a0 en el \u00e1rea de las materias comunes con la imaginaci\u00f3n personal y las posibilidades t\u00e9cnicas del medio para producir programas estimulantes del gusto est\u00e9ticos, el descondicionamineto ideol\u00f3gico el juicio cr\u00edtico y la creatividad social.<\/li>\n<li style=\"text-align: justify;\">Estimular a trav\u00e9s de su desempe\u00f1o, el gusto est\u00e9tico, el descondicionamineto ideol\u00f3gico, el juicio cr\u00edtico y la creatividad social.<\/li>\n<\/ul>\n<p><strong>\u00a0<\/strong><\/p>\n<p><strong>\u00a0<\/strong><\/p>\n<p><strong>\u00a0<\/strong><\/p>\n<p><strong>\u00a0<\/strong><\/p>\n","protected":false},"excerpt":{"rendered":"<p>&nbsp; Carrera de Productor y Director de Radio y Televisi\u00f3n Las clases de dicha carrera se dictan\u00a0 en el Instituto Superior del Profesora de\u00a0 Arte de Formosa (ISPAF).\u00a0 Instituto de\u00a0 Formaci\u00f3n Docente de Gesti\u00f3n Estatal. La carrera inici\u00f3 el a\u00f1o 1994, mediante un convenio con el Instituto Superior de Ense\u00f1anza Radiof\u00f3nica y el Gobierno de &#8230; <a title=\"Producci\u00f3n y Direcci\u00f3n\" class=\"read-more\" href=\"https:\/\/ispaf-for.infd.edu.ar\/sitio\/produccion-y-direccion\/\" aria-label=\"More on Producci\u00f3n y Direcci\u00f3n\">[+]<\/a><\/p>\n","protected":false},"author":187,"featured_media":0,"parent":0,"menu_order":0,"comment_status":"closed","ping_status":"closed","template":"","meta":[],"acf":[],"_links":{"self":[{"href":"https:\/\/ispaf-for.infd.edu.ar\/sitio\/wp-json\/wp\/v2\/pages\/781"}],"collection":[{"href":"https:\/\/ispaf-for.infd.edu.ar\/sitio\/wp-json\/wp\/v2\/pages"}],"about":[{"href":"https:\/\/ispaf-for.infd.edu.ar\/sitio\/wp-json\/wp\/v2\/types\/page"}],"author":[{"embeddable":true,"href":"https:\/\/ispaf-for.infd.edu.ar\/sitio\/wp-json\/wp\/v2\/users\/187"}],"replies":[{"embeddable":true,"href":"https:\/\/ispaf-for.infd.edu.ar\/sitio\/wp-json\/wp\/v2\/comments?post=781"}],"version-history":[{"count":3,"href":"https:\/\/ispaf-for.infd.edu.ar\/sitio\/wp-json\/wp\/v2\/pages\/781\/revisions"}],"predecessor-version":[{"id":895,"href":"https:\/\/ispaf-for.infd.edu.ar\/sitio\/wp-json\/wp\/v2\/pages\/781\/revisions\/895"}],"wp:attachment":[{"href":"https:\/\/ispaf-for.infd.edu.ar\/sitio\/wp-json\/wp\/v2\/media?parent=781"}],"curies":[{"name":"wp","href":"https:\/\/api.w.org\/{rel}","templated":true}]}}