{"id":783,"date":"2018-08-30T19:04:31","date_gmt":"2018-08-30T22:04:31","guid":{"rendered":"https:\/\/ispaf-for.infd.edu.ar\/sitio\/operador-tecnico-2\/"},"modified":"2019-04-13T02:46:12","modified_gmt":"2019-04-13T05:46:12","slug":"operador-tecnico-2","status":"publish","type":"page","link":"https:\/\/ispaf-for.infd.edu.ar\/sitio\/operador-tecnico-2\/","title":{"rendered":"Operador T\u00e9cnico"},"content":{"rendered":"<h1 class=\"Default\" style=\"text-align: center;\"><\/h1>\n<p style=\"text-align: center;\">\u00a0<img decoding=\"async\" loading=\"lazy\" src=\"https:\/\/encrypted-tbn0.gstatic.com\/images?q=tbn:ANd9GcSuTM1-KoabDSOHYhOnr5doaQWDhQ_GcVnpkez7-VSO9S86X9kd\" alt=\"images?q=tbn:ANd9GcSuTM1-KoabDSOHYhOnr5doaQWDhQ_GcVnpkez7-VSO9S86X9kd\" width=\"438\" height=\"245\" border=\"0\" \/><\/p>\n<p style=\"text-align: center;\"><span style=\"color: #ff0000; font-size: 12pt;\" data-mce-mark=\"1\"><strong>Carrera de T\u00e9cnico Operador para Radio y Televisi\u00f3n<\/strong><\/span><strong style=\"font-size: 1.5em;\"><br \/>\n<\/strong><\/p>\n<p class=\"Sinespaciado1\" style=\"text-align: center;\"><em>Las clases de dicha carrera se dictan\u00a0 en el <strong>Instituto Superior del Profesora de\u00a0 Arte de Formosa (ISPAF)<\/strong>.\u00a0 Instituto de\u00a0 Gesti\u00f3n Estatal. La carrera inici\u00f3 el a\u00f1o 1994, mediante un convenio con el Instituto Superior de Ense\u00f1anza Radiof\u00f3nica y el Gobierno de la Provincia de Formosa a trav\u00e9s del Ministerio de Cultura y Educaci\u00f3n.\u00a0 Desde esa \u00e9poca viene formando profesionales que realizan sus tares en medios radiales, televisivos, p\u00fablicos y privados. La carrera tiene una duraci\u00f3n de tres (3) a\u00f1os; las clases son presenciales, se dictan de <strong>lunes a viernes<\/strong> durante todo este tiempo de formaci\u00f3n intelectual y pr\u00e1ctica profesional el alumno va adquiriendo el adiestramiento necesario que le permitir\u00e1, una vez egresado, insertarse en el \u00e1mbito laboral de los Medios de Comunicaci\u00f3n y desarrollar sus tareas con debida\u00a0 solvencia e idoneidad que\u00a0 requiere el medio.<\/em><\/p>\n<p class=\"Default\"><strong>\u00a0<\/strong><\/p>\n<h2 class=\"Default\" style=\"text-align: center;\"><span style=\"color: #ff0000;\" data-mce-mark=\"1\"><strong>Finalidad de la carrera<\/strong><\/span><\/h2>\n<p class=\"Default\">El futuro egresado del ISER, a lo largo de estos tres a\u00f1os de formaci\u00f3n, logre insertarse en la realidad regional, nacional e internacional desde una perspectiva latinoamericana y, que, al mismo tiempo, logre articular su tarea coherentemente con su inserci\u00f3n.<\/p>\n<p class=\"Default\"><strong>\u00a0<\/strong><\/p>\n<h2 class=\"Default\" style=\"text-align: center;\"><span style=\"font-size: 12pt; color: #ff0000;\" data-mce-mark=\"1\"><strong>Objetivos comunes de las carreras del ISER<\/strong><\/span><\/h2>\n<p class=\"Default\" style=\"text-align: justify;\">Que su formaci\u00f3n le permita un conocimiento cr\u00edtico y transformador del hecho comunicacional en sus aspectos te\u00f3ricos pr\u00e1cticos y a partir de all\u00ed pueda:<\/p>\n<p class=\"Default\" style=\"text-align: justify;\">Encarar con actitud \u00e9tica su ejercicio profesional en el \u00e1mbito de la Radiodifusi\u00f3n. Genere un \u00e1mbito de di\u00e1logo permanente que contribuya al paulatino descondicionamineto de la expresividad y el juicio cr\u00edtico del conjunto de la sociedad. \u00a0Desarrolle una m\u00e1xima creatividad que tienda a superar el esquematismo ret\u00f3rico de los actuales c\u00f3digos comunicacionales en favor de del ejercicio imaginativo de nuevas formas de conocimiento y de acci\u00f3n. Valore la particularidad cultural de los diferentes grupos regionales, \u00e9tnicos, y sus espec\u00edficos modos de relaci\u00f3n y comunicaci\u00f3n. Promueva modelos culturales acordes a una concepci\u00f3n dignificante de la persona entendida como integridad <strong><em>bio-psiquica-espiritual<\/em><\/strong>. Participe solidariamente en la tarea de equipo que supone el ejercicio profesional de los medios de radiodifusi\u00f3n. Internalice pautas de respeto a la libertad, la justicia y la solidaridad como un modo de restaurar el delicado tejido comunitario que mantiene la cohesi\u00f3n social.<\/p>\n<p class=\"Default\" style=\"text-align: center;\"><strong>\u00a0<\/strong><span style=\"color: #ff0000; font-size: 12pt;\" data-mce-mark=\"1\"><strong>Objetivos espec\u00edficos<\/strong><\/span><\/p>\n<p class=\"Default\" style=\"text-align: justify;\">Que el futuro egresado, tras sus tres a\u00f1os de formaci\u00f3n conozca e int\u00e9rprete:<\/p>\n<p class=\"Default\" style=\"text-align: justify;\">La realidad regional, nacional e internacional desde una perspectiva latinoamericana, atenta al propio desarrollo hist\u00f3rico del continente. Los fundamentos filos\u00f3ficos, \u00e9ticos y est\u00e9ticos de la cultura, vinculados a manifestaciones concretas del arte, la literatura y el pensamiento y su continuidad con la pr\u00e1ctica comunicacional. Los principios te\u00f3ricos de la interpretaci\u00f3n de la cultura a la que tiende el proceso de comunicaci\u00f3n:<\/p>\n<p class=\"Default\" style=\"text-align: justify;\">Proceso de simbolizaci\u00f3n. Sistema de significaci\u00f3n social. Teor\u00edas del lenguaje y de la imagen. Elementos y agentes del proceso de comunicaci\u00f3n. Referentes hist\u00f3ricos de las distintas formulaciones te\u00f3ricas y tecnol\u00f3gicas. La legislaci\u00f3n aplicada al \u00e1mbito de la radiodifusi\u00f3n. Las conductas b\u00e1sicas para el desempe\u00f1o en estudios de Radio y Televisi\u00f3n.<\/p>\n<p class=\"Default\" style=\"text-align: center;\"><span style=\"font-size: 12pt; color: #ff0000;\" data-mce-mark=\"1\"><em>\u00a0<\/em><strong>Competencia del Egresado<\/strong><\/span><\/p>\n<p style=\"text-align: justify;\">Tras su paso por el Instituto el egresado adquiera la competencia:<\/p>\n<p style=\"text-align: justify;\">Montar, mantener, controlar y operar tecnolog\u00edas especificas de la radiodifusi\u00f3n. Encontrar las soluciones adecuadas para la problem\u00e1tica puntual presentada en su tarea. Vincular su labor al proceso de la comunicaci\u00f3n desde una perspectiva integradora y comprensiva de los efectos producidos por los medios de comunicaci\u00f3n en el entramado cultural de la sociedad.<strong> \u00a0<\/strong><\/p>\n<p style=\"text-align: justify;\"><strong>\u00a0<\/strong><\/p>\n<p><strong>\u00a0<\/strong><\/p>\n<p>&nbsp;<\/p>\n","protected":false},"excerpt":{"rendered":"<p>\u00a0 Carrera de T\u00e9cnico Operador para Radio y Televisi\u00f3n Las clases de dicha carrera se dictan\u00a0 en el Instituto Superior del Profesora de\u00a0 Arte de Formosa (ISPAF).\u00a0 Instituto de\u00a0 Gesti\u00f3n Estatal. La carrera inici\u00f3 el a\u00f1o 1994, mediante un convenio con el Instituto Superior de Ense\u00f1anza Radiof\u00f3nica y el Gobierno de la Provincia de Formosa &#8230; <a title=\"Operador T\u00e9cnico\" class=\"read-more\" href=\"https:\/\/ispaf-for.infd.edu.ar\/sitio\/operador-tecnico-2\/\" aria-label=\"More on Operador T\u00e9cnico\">[+]<\/a><\/p>\n","protected":false},"author":187,"featured_media":0,"parent":0,"menu_order":0,"comment_status":"closed","ping_status":"closed","template":"","meta":[],"acf":[],"_links":{"self":[{"href":"https:\/\/ispaf-for.infd.edu.ar\/sitio\/wp-json\/wp\/v2\/pages\/783"}],"collection":[{"href":"https:\/\/ispaf-for.infd.edu.ar\/sitio\/wp-json\/wp\/v2\/pages"}],"about":[{"href":"https:\/\/ispaf-for.infd.edu.ar\/sitio\/wp-json\/wp\/v2\/types\/page"}],"author":[{"embeddable":true,"href":"https:\/\/ispaf-for.infd.edu.ar\/sitio\/wp-json\/wp\/v2\/users\/187"}],"replies":[{"embeddable":true,"href":"https:\/\/ispaf-for.infd.edu.ar\/sitio\/wp-json\/wp\/v2\/comments?post=783"}],"version-history":[{"count":1,"href":"https:\/\/ispaf-for.infd.edu.ar\/sitio\/wp-json\/wp\/v2\/pages\/783\/revisions"}],"predecessor-version":[{"id":900,"href":"https:\/\/ispaf-for.infd.edu.ar\/sitio\/wp-json\/wp\/v2\/pages\/783\/revisions\/900"}],"wp:attachment":[{"href":"https:\/\/ispaf-for.infd.edu.ar\/sitio\/wp-json\/wp\/v2\/media?parent=783"}],"curies":[{"name":"wp","href":"https:\/\/api.w.org\/{rel}","templated":true}]}}