{"id":787,"date":"2018-08-30T19:04:32","date_gmt":"2018-08-30T22:04:32","guid":{"rendered":"https:\/\/ispaf-for.infd.edu.ar\/sitio\/encuesta\/"},"modified":"2022-03-31T22:34:12","modified_gmt":"2022-04-01T01:34:12","slug":"encuesta","status":"publish","type":"page","link":"https:\/\/ispaf-for.infd.edu.ar\/sitio\/encuesta\/","title":{"rendered":"Dise\u00f1os Curriculares"},"content":{"rendered":"<p><span style=\"color: #ff6600;\"><strong>Formaci\u00f3n T\u00e9cnica<\/strong><\/span><\/p>\n<p><a href=\"https:\/\/ispaf-for.infd.edu.ar\/sitio\/wp-content\/uploads\/2022\/03\/Plan_Prod..ISER_.doc\">Plan_Prod..ISER<\/a><\/p>\n<p><a href=\"https:\/\/ispaf-for.infd.edu.ar\/sitio\/wp-content\/uploads\/2022\/03\/Plan_Locu..ISER_.doc\">Plan_Locu..ISER<\/a><\/p>\n<p><a href=\"https:\/\/ispaf-for.infd.edu.ar\/sitio\/wp-content\/uploads\/2022\/03\/Plan-Operacion-Tecnica-EDUCACION-1.doc\">Plan Operaci\u00f3n T\u00e9cnica EDUCACI\u00d3N (1)<\/a><\/p>\n<p><a href=\"https:\/\/drive.google.com\/file\/d\/1CE-HrLEbjAAqTUW7LagxUun1aFDXn3KR\/view?usp=sharing\">4224.17- LOCUTOR NACIONAL<\/a><\/p>\n<p><a href=\"https:\/\/drive.google.com\/file\/d\/1CE-HrLEbjAAqTUW7LagxUun1aFDXn3KR\/view?usp=sharing\">4984-17 PRODUCTOR Y DIREC<\/a><\/p>\n<p><a href=\"https:\/\/drive.google.com\/file\/d\/1IUAYkXq66-MCRTj5zfebq11Imu5KNL_r\/view?usp=sharing\">3342-18- OPERADOR TECNICO<\/a><\/p>\n<p><a href=\"https:\/\/ispaf-for.infd.edu.ar\/sitio\/wp-content\/uploads\/2022\/03\/PERIODISMO-MULTIMEDIAL-RESOL-1859.20.pdf\">PERIODISMO MULTIMEDIAL RESOL-1859.20<\/a><\/p>\n<p>\u00a0<\/p>\n<hr \/>\n<p><span style=\"color: #ff6600;\">Formaci\u00f3n<strong> Docente<\/strong><\/span><\/p>\n<p><a href=\"https:\/\/ispaf-for.infd.edu.ar\/sitio\/wp-content\/uploads\/2019\/04\/DCJ_Danzas_Contemporaneas_noviembre14.pdf\">DCJ_Danzas_Contemporaneas_noviembre14<\/a><\/p>\n<p><a href=\"https:\/\/ispaf-for.infd.edu.ar\/sitio\/wp-content\/uploads\/2019\/04\/Danza_Folklorica_Formosa_Completo.pdf\">Dise\u00f1o Curricular Jurisdiccional del Profesorado en Danza_con Orientaci\u00f3n Danza Folklorica<\/a><\/p>\n\n\n<p><\/p>\n","protected":false},"excerpt":{"rendered":"<p>Formaci\u00f3n T\u00e9cnica Plan_Prod..ISER Plan_Locu..ISER Plan Operaci\u00f3n T\u00e9cnica EDUCACI\u00d3N (1) 4224.17- LOCUTOR NACIONAL 4984-17 PRODUCTOR Y DIREC 3342-18- OPERADOR TECNICO PERIODISMO MULTIMEDIAL RESOL-1859.20 \u00a0 Formaci\u00f3n Docente DCJ_Danzas_Contemporaneas_noviembre14 Dise\u00f1o Curricular Jurisdiccional del Profesorado en Danza_con Orientaci\u00f3n Danza Folklorica<\/p>\n","protected":false},"author":187,"featured_media":0,"parent":0,"menu_order":0,"comment_status":"closed","ping_status":"closed","template":"","meta":[],"acf":[],"_links":{"self":[{"href":"https:\/\/ispaf-for.infd.edu.ar\/sitio\/wp-json\/wp\/v2\/pages\/787"}],"collection":[{"href":"https:\/\/ispaf-for.infd.edu.ar\/sitio\/wp-json\/wp\/v2\/pages"}],"about":[{"href":"https:\/\/ispaf-for.infd.edu.ar\/sitio\/wp-json\/wp\/v2\/types\/page"}],"author":[{"embeddable":true,"href":"https:\/\/ispaf-for.infd.edu.ar\/sitio\/wp-json\/wp\/v2\/users\/187"}],"replies":[{"embeddable":true,"href":"https:\/\/ispaf-for.infd.edu.ar\/sitio\/wp-json\/wp\/v2\/comments?post=787"}],"version-history":[{"count":18,"href":"https:\/\/ispaf-for.infd.edu.ar\/sitio\/wp-json\/wp\/v2\/pages\/787\/revisions"}],"predecessor-version":[{"id":1870,"href":"https:\/\/ispaf-for.infd.edu.ar\/sitio\/wp-json\/wp\/v2\/pages\/787\/revisions\/1870"}],"wp:attachment":[{"href":"https:\/\/ispaf-for.infd.edu.ar\/sitio\/wp-json\/wp\/v2\/media?parent=787"}],"curies":[{"name":"wp","href":"https:\/\/api.w.org\/{rel}","templated":true}]}}