{"id":791,"date":"2018-08-30T19:04:33","date_gmt":"2018-08-30T22:04:33","guid":{"rendered":"https:\/\/ispaf-for.infd.edu.ar\/sitio\/profesorado-de-danza-contemporanea\/"},"modified":"2019-10-19T17:15:00","modified_gmt":"2019-10-19T20:15:00","slug":"profesorado-de-danza-contemporanea","status":"publish","type":"page","link":"https:\/\/ispaf-for.infd.edu.ar\/sitio\/profesorado-de-danza-contemporanea\/","title":{"rendered":"Danza Contempor\u00e1nea"},"content":{"rendered":"<h5 class=\"Default\"><span style=\"color: #ff00ff;\"><b>Profesorado de Danza con Orientaci\u00f3n\u00a0Danza\u00a0Contempor\u00e1nea<\/b><\/span><\/h5>\n<p class=\"Default\"><strong>\u00a0<\/strong><\/p>\n<p class=\"Sinespaciado1\"><em>El Ministerio de Cultura y Educaci\u00f3n de la Provincia de Formosa, \u00a0aprob\u00f3 el dictado de la Carrera de <strong>Profesorado de Danza con Orientaci\u00f3n en Danza Folcl\u00f3rica<\/strong><\/em><em>\u00a0 y <strong>Contempor\u00e1nea. <\/strong><\/em><em>Las clases de dicha carrera se dicta \u00a0en el Instituto Superior del Profesora de\u00a0 Arte de Formosa (ISPAF), \u00a0Instituto de \u00a0Formaci\u00f3n Docente de Gesti\u00f3n Estatal. La carrera inici\u00f3 el a\u00f1o lectivo 2013 y tiene una duraci\u00f3n de cuatro (4) a\u00f1os.<\/em><\/p>\n","protected":false},"excerpt":{"rendered":"<p>Profesorado de Danza con Orientaci\u00f3n\u00a0Danza\u00a0Contempor\u00e1nea \u00a0 El Ministerio de Cultura y Educaci\u00f3n de la Provincia de Formosa, \u00a0aprob\u00f3 el dictado de la Carrera de Profesorado de Danza con Orientaci\u00f3n en Danza Folcl\u00f3rica\u00a0 y Contempor\u00e1nea. Las clases de dicha carrera se dicta \u00a0en el Instituto Superior del Profesora de\u00a0 Arte de Formosa (ISPAF), \u00a0Instituto de \u00a0Formaci\u00f3n &#8230; <a title=\"Danza Contempor\u00e1nea\" class=\"read-more\" href=\"https:\/\/ispaf-for.infd.edu.ar\/sitio\/profesorado-de-danza-contemporanea\/\" aria-label=\"More on Danza Contempor\u00e1nea\">[+]<\/a><\/p>\n","protected":false},"author":187,"featured_media":0,"parent":0,"menu_order":0,"comment_status":"closed","ping_status":"closed","template":"","meta":[],"acf":[],"_links":{"self":[{"href":"https:\/\/ispaf-for.infd.edu.ar\/sitio\/wp-json\/wp\/v2\/pages\/791"}],"collection":[{"href":"https:\/\/ispaf-for.infd.edu.ar\/sitio\/wp-json\/wp\/v2\/pages"}],"about":[{"href":"https:\/\/ispaf-for.infd.edu.ar\/sitio\/wp-json\/wp\/v2\/types\/page"}],"author":[{"embeddable":true,"href":"https:\/\/ispaf-for.infd.edu.ar\/sitio\/wp-json\/wp\/v2\/users\/187"}],"replies":[{"embeddable":true,"href":"https:\/\/ispaf-for.infd.edu.ar\/sitio\/wp-json\/wp\/v2\/comments?post=791"}],"version-history":[{"count":3,"href":"https:\/\/ispaf-for.infd.edu.ar\/sitio\/wp-json\/wp\/v2\/pages\/791\/revisions"}],"predecessor-version":[{"id":1164,"href":"https:\/\/ispaf-for.infd.edu.ar\/sitio\/wp-json\/wp\/v2\/pages\/791\/revisions\/1164"}],"wp:attachment":[{"href":"https:\/\/ispaf-for.infd.edu.ar\/sitio\/wp-json\/wp\/v2\/media?parent=791"}],"curies":[{"name":"wp","href":"https:\/\/api.w.org\/{rel}","templated":true}]}}